{"id":66831,"date":"2025-11-03T18:40:04","date_gmt":"2025-11-03T18:40:04","guid":{"rendered":"https:\/\/www.retro-games.hu\/index.php\/termek\/the-witcher-2-assassins-of-kings-elso-kiadas-2\/"},"modified":"2025-11-03T18:40:26","modified_gmt":"2025-11-03T18:40:26","slug":"the-witcher-2-assassins-of-kings-elso-kiadas-2","status":"publish","type":"product","link":"https:\/\/www.retro-games.hu\/index.php\/termek\/the-witcher-2-assassins-of-kings-elso-kiadas-2\/","title":{"rendered":"The Witcher 2: Assassins of Kings (els\u0151 kiad\u00e1s)"},"content":{"rendered":"<p>Akci\u00f3-szerepj\u00e1t\u00e9k (ARPG). Kiad\u00e1s \u00e9ve: 2011. Platform: Windows XP\/Vista\/7. Kivitel: dupla dvd tokos k\u00fcls\u0151 kartontokban (ennek ragaszt\u00e1sa elengedett \u00e9s kiss\u00e9 elsz\u00ednez\u0151d\u00f6tt a bor\u00edt\u00f3), 2 dvd tok, els\u0151 kiad\u00e1s, magyar feliratos bor\u00edt\u00f3k, magyar nyelv\u0171 pap\u00edrk\u00e9zik\u00f6nyv + t\u00e9rk\u00e9p + \u00fatmutat\u00f3, eredeti 2 DVD + b\u00f3nusz DVD + zene CD a j\u00e1t\u00e9k zen\u00e9j\u00e9vel, valamint egy\u00e9b extr\u00e1k: a Diszn\u00f3 Henselt j\u00e1t\u00e9kbeli ki\u00e1ltv\u00e1ny &#8220;fakszimile kiad\u00e1sa&#8221; + \u00e9rme (a hajtogathat\u00f3 figur\u00e1k nincsenek meg), magyar feliratos \u00e9s angol nyelv\u0171 j\u00e1t\u00e9k. Lemezek \u00e1llapota: karcmentes, \u00fajnak t\u0171nik. Figyelem: el\u0151z\u0151 tulajdonosa a pinc\u00e9ben t\u00e1rolhat\u00f3 \u00e9s \u00e9rezhet\u0151 dohszaga maradt.<\/p>\n","protected":false},"excerpt":{"rendered":"<p>Akci\u00f3-szerepj\u00e1t\u00e9k (ARPG). Kiad\u00e1s \u00e9ve: 2011. Platform: Windows XP\/Vista\/7. Kivitel: dupla dvd tokos k\u00fcls\u0151 kartontokban (ennek ragaszt\u00e1sa elengedett \u00e9s kiss\u00e9 elsz\u00ednez\u0151d\u00f6tt a bor\u00edt\u00f3), 2 dvd tok, els\u0151 kiad\u00e1s, magyar feliratos bor\u00edt\u00f3k, magyar nyelv\u0171 pap\u00edrk\u00e9zik\u00f6nyv + t\u00e9rk\u00e9p + \u00fatmutat\u00f3, eredeti 2 DVD + b\u00f3nusz DVD + zene CD a j\u00e1t\u00e9k zen\u00e9j\u00e9vel, valamint egy\u00e9b extr\u00e1k: a Diszn\u00f3 Henselt [&hellip;]<\/p>\n","protected":false},"featured_media":66830,"comment_status":"open","ping_status":"closed","template":"","meta":{"_et_pb_use_builder":"","_et_pb_old_content":"","_et_gb_content_width":""},"product_brand":[],"product_cat":[67,155,272],"product_tag":[],"class_list":{"0":"post-66831","1":"product","2":"type-product","3":"status-publish","4":"has-post-thumbnail","6":"product_cat-akcio-szerepjatek-arpg","7":"product_cat-jatekok","8":"product_cat-szerepjatek-rpg","9":"pa_allapot-hasznalt","10":"pa_kivitel-vastag-dvd-tokos","11":"pa_nyelv-angol","12":"pa_nyelv-magyar-feliratos","13":"pa_platform-pc-windows-7","14":"pa_platform-pc-windows-vista","15":"pa_platform-pc_windows","17":"first","18":"instock","19":"shipping-taxable","20":"purchasable","21":"product-type-simple"},"_links":{"self":[{"href":"https:\/\/www.retro-games.hu\/index.php\/wp-json\/wp\/v2\/product\/66831","targetHints":{"allow":["GET"]}}],"collection":[{"href":"https:\/\/www.retro-games.hu\/index.php\/wp-json\/wp\/v2\/product"}],"about":[{"href":"https:\/\/www.retro-games.hu\/index.php\/wp-json\/wp\/v2\/types\/product"}],"replies":[{"embeddable":true,"href":"https:\/\/www.retro-games.hu\/index.php\/wp-json\/wp\/v2\/comments?post=66831"}],"wp:featuredmedia":[{"embeddable":true,"href":"https:\/\/www.retro-games.hu\/index.php\/wp-json\/wp\/v2\/media\/66830"}],"wp:attachment":[{"href":"https:\/\/www.retro-games.hu\/index.php\/wp-json\/wp\/v2\/media?parent=66831"}],"wp:term":[{"taxonomy":"product_brand","embeddable":true,"href":"https:\/\/www.retro-games.hu\/index.php\/wp-json\/wp\/v2\/product_brand?post=66831"},{"taxonomy":"product_cat","embeddable":true,"href":"https:\/\/www.retro-games.hu\/index.php\/wp-json\/wp\/v2\/product_cat?post=66831"},{"taxonomy":"product_tag","embeddable":true,"href":"https:\/\/www.retro-games.hu\/index.php\/wp-json\/wp\/v2\/product_tag?post=66831"}],"curies":[{"name":"wp","href":"https:\/\/api.w.org\/{rel}","templated":true}]}}