{"id":66844,"date":"2025-11-03T18:40:45","date_gmt":"2025-11-03T18:40:45","guid":{"rendered":"https:\/\/www.retro-games.hu\/index.php\/termek\/warhammer-mark-of-chaos-gold-edition-battle-march-is\/"},"modified":"2026-02-08T00:01:27","modified_gmt":"2026-02-08T00:01:27","slug":"warhammer-mark-of-chaos-gold-edition-battle-march-is","status":"publish","type":"product","link":"https:\/\/www.retro-games.hu\/index.php\/termek\/warhammer-mark-of-chaos-gold-edition-battle-march-is\/","title":{"rendered":"Warhammer: Mark of Chaos Gold Edition (Battle March is)"},"content":{"rendered":"<p>Val\u00f3sidej\u0171 strat\u00e9giai j\u00e1t\u00e9k. Kiad\u00e1s \u00e9ve: 2008. Platform: 2000\/XP\/Vista. Kivitel: vastag dvd tokos, els\u0151 kiad\u00e1s, magyar feliratos bor\u00edt\u00f3, telep\u00edt\u0151k\u00f3d, eredeti 2 dvd, magyar feliratos j\u00e1t\u00e9k + kieg\u00e9sz\u00edt\u0151. DVD-k \u00e1llapota: karcmentes, \u00fajnak t\u0171nik<\/p>\n","protected":false},"excerpt":{"rendered":"<p>Val\u00f3sidej\u0171 strat\u00e9giai j\u00e1t\u00e9k. Kiad\u00e1s \u00e9ve: 2008. Platform: 2000\/XP\/Vista. Kivitel: vastag dvd tokos, els\u0151 kiad\u00e1s, magyar feliratos bor\u00edt\u00f3, telep\u00edt\u0151k\u00f3d, eredeti 2 dvd, magyar feliratos j\u00e1t\u00e9k + kieg\u00e9sz\u00edt\u0151. DVD-k \u00e1llapota: karcmentes, \u00fajnak t\u0171nik<\/p>\n","protected":false},"featured_media":66843,"comment_status":"open","ping_status":"closed","template":"","meta":{"_et_pb_use_builder":"","_et_pb_old_content":"","_et_gb_content_width":""},"product_brand":[],"product_cat":[155,43,47],"product_tag":[],"class_list":{"0":"post-66844","1":"product","2":"type-product","3":"status-publish","4":"has-post-thumbnail","6":"product_cat-jatekok","7":"product_cat-strategiai-jatek","8":"product_cat-valos-ideju-rts","9":"pa_allapot-hasznalt","10":"pa_kivitel-vastag-dvd-tokos","11":"pa_nyelv-magyar-feliratos","12":"pa_platform-pc-windows-2000","13":"pa_platform-pc-windows-vista","14":"pa_platform-pc_windows","16":"first","17":"outofstock","18":"shipping-taxable","19":"purchasable","20":"product-type-simple"},"_links":{"self":[{"href":"https:\/\/www.retro-games.hu\/index.php\/wp-json\/wp\/v2\/product\/66844","targetHints":{"allow":["GET"]}}],"collection":[{"href":"https:\/\/www.retro-games.hu\/index.php\/wp-json\/wp\/v2\/product"}],"about":[{"href":"https:\/\/www.retro-games.hu\/index.php\/wp-json\/wp\/v2\/types\/product"}],"replies":[{"embeddable":true,"href":"https:\/\/www.retro-games.hu\/index.php\/wp-json\/wp\/v2\/comments?post=66844"}],"wp:featuredmedia":[{"embeddable":true,"href":"https:\/\/www.retro-games.hu\/index.php\/wp-json\/wp\/v2\/media\/66843"}],"wp:attachment":[{"href":"https:\/\/www.retro-games.hu\/index.php\/wp-json\/wp\/v2\/media?parent=66844"}],"wp:term":[{"taxonomy":"product_brand","embeddable":true,"href":"https:\/\/www.retro-games.hu\/index.php\/wp-json\/wp\/v2\/product_brand?post=66844"},{"taxonomy":"product_cat","embeddable":true,"href":"https:\/\/www.retro-games.hu\/index.php\/wp-json\/wp\/v2\/product_cat?post=66844"},{"taxonomy":"product_tag","embeddable":true,"href":"https:\/\/www.retro-games.hu\/index.php\/wp-json\/wp\/v2\/product_tag?post=66844"}],"curies":[{"name":"wp","href":"https:\/\/api.w.org\/{rel}","templated":true}]}}