{"id":66886,"date":"2025-11-03T18:42:46","date_gmt":"2025-11-03T18:42:46","guid":{"rendered":"https:\/\/www.retro-games.hu\/index.php\/termek\/dreamfall-the-longest-journey-2\/"},"modified":"2025-11-03T18:42:48","modified_gmt":"2025-11-03T18:42:48","slug":"dreamfall-the-longest-journey-2","status":"publish","type":"product","link":"https:\/\/www.retro-games.hu\/index.php\/termek\/dreamfall-the-longest-journey-2\/","title":{"rendered":"Dreamfall: The Longest Journey"},"content":{"rendered":"<p>Akci\u00f3-kalandj\u00e1t\u00e9k. Kiad\u00e1s \u00e9ve: 2006. Platform: Windows XP. Kivitel: \u00fajs\u00e1gmell\u00e9klet, csak az eredeti DVD, angol nyelv\u0171 j\u00e1t\u00e9k (teljes verzi\u00f3). DVD \u00e1llapota: szinte karcmentes, tesztelt, m\u0171k\u00f6dik<\/p>\n","protected":false},"excerpt":{"rendered":"<p>Akci\u00f3-kalandj\u00e1t\u00e9k. Kiad\u00e1s \u00e9ve: 2006. Platform: Windows XP. Kivitel: \u00fajs\u00e1gmell\u00e9klet, csak az eredeti DVD, angol nyelv\u0171 j\u00e1t\u00e9k (teljes verzi\u00f3). DVD \u00e1llapota: szinte karcmentes, tesztelt, m\u0171k\u00f6dik<\/p>\n","protected":false},"featured_media":66885,"comment_status":"open","ping_status":"closed","template":"","meta":{"_et_pb_use_builder":"","_et_pb_old_content":"","_et_gb_content_width":""},"product_brand":[],"product_cat":[26,25,155],"product_tag":[],"class_list":{"0":"post-66886","1":"product","2":"type-product","3":"status-publish","4":"has-post-thumbnail","6":"product_cat-akcio-kalandjatek","7":"product_cat-kaland","8":"product_cat-jatekok","9":"pa_allapot-hasznalt","10":"pa_kivitel-ujsagmelleklet","11":"pa_nyelv-angol","12":"pa_platform-pc_windows","14":"first","15":"instock","16":"shipping-taxable","17":"purchasable","18":"product-type-simple"},"_links":{"self":[{"href":"https:\/\/www.retro-games.hu\/index.php\/wp-json\/wp\/v2\/product\/66886","targetHints":{"allow":["GET"]}}],"collection":[{"href":"https:\/\/www.retro-games.hu\/index.php\/wp-json\/wp\/v2\/product"}],"about":[{"href":"https:\/\/www.retro-games.hu\/index.php\/wp-json\/wp\/v2\/types\/product"}],"replies":[{"embeddable":true,"href":"https:\/\/www.retro-games.hu\/index.php\/wp-json\/wp\/v2\/comments?post=66886"}],"wp:featuredmedia":[{"embeddable":true,"href":"https:\/\/www.retro-games.hu\/index.php\/wp-json\/wp\/v2\/media\/66885"}],"wp:attachment":[{"href":"https:\/\/www.retro-games.hu\/index.php\/wp-json\/wp\/v2\/media?parent=66886"}],"wp:term":[{"taxonomy":"product_brand","embeddable":true,"href":"https:\/\/www.retro-games.hu\/index.php\/wp-json\/wp\/v2\/product_brand?post=66886"},{"taxonomy":"product_cat","embeddable":true,"href":"https:\/\/www.retro-games.hu\/index.php\/wp-json\/wp\/v2\/product_cat?post=66886"},{"taxonomy":"product_tag","embeddable":true,"href":"https:\/\/www.retro-games.hu\/index.php\/wp-json\/wp\/v2\/product_tag?post=66886"}],"curies":[{"name":"wp","href":"https:\/\/api.w.org\/{rel}","templated":true}]}}