{"id":66940,"date":"2025-11-03T18:45:08","date_gmt":"2025-11-03T18:45:08","guid":{"rendered":"https:\/\/www.retro-games.hu\/index.php\/termek\/jagged-alliance-2\/"},"modified":"2025-11-03T18:45:10","modified_gmt":"2025-11-03T18:45:10","slug":"jagged-alliance-2","status":"publish","type":"product","link":"https:\/\/www.retro-games.hu\/index.php\/termek\/jagged-alliance-2\/","title":{"rendered":"Jagged Alliance 2"},"content":{"rendered":"<p>K\u00f6r\u00f6kre osztott taktikai strat\u00e9giai j\u00e1t\u00e9k, szerepj\u00e1t\u00e9k elemekkel. Kiad\u00e1s \u00e9ve: 1999. Platform: Windows 95\/98. Kivitel: \u00fajs\u00e1gmell\u00e9klet, angol nyelv\u0171 j\u00e1t\u00e9k (teljes verzi\u00f3), csak a CD, \u00e1llapota: enyh\u00e9n karcos (hajsz\u00e1lkarcok), tesztelt, m\u0171k\u00f6dik<\/p>\n","protected":false},"excerpt":{"rendered":"<p>K\u00f6r\u00f6kre osztott taktikai strat\u00e9giai j\u00e1t\u00e9k, szerepj\u00e1t\u00e9k elemekkel. Kiad\u00e1s \u00e9ve: 1999. Platform: Windows 95\/98. Kivitel: \u00fajs\u00e1gmell\u00e9klet, angol nyelv\u0171 j\u00e1t\u00e9k (teljes verzi\u00f3), csak a CD, \u00e1llapota: enyh\u00e9n karcos (hajsz\u00e1lkarcok), tesztelt, m\u0171k\u00f6dik<\/p>\n","protected":false},"featured_media":66939,"comment_status":"open","ping_status":"closed","template":"","meta":{"_et_pb_use_builder":"","_et_pb_old_content":"","_et_gb_content_width":""},"product_brand":[],"product_cat":[116,305,155,43],"product_tag":[],"class_list":{"0":"post-66940","1":"product","2":"type-product","3":"status-publish","4":"has-post-thumbnail","6":"product_cat-klasszikus-szerepjatek","7":"product_cat-korokre-osztott-szerepjatek-elemekkel","8":"product_cat-jatekok","9":"product_cat-strategiai-jatek","10":"pa_allapot-hasznalt","11":"pa_kivitel-ujsagmelleklet","12":"pa_nyelv-angol","13":"pa_platform-pc-windows-95","14":"pa_platform-pc-windows-98","16":"first","17":"instock","18":"shipping-taxable","19":"purchasable","20":"product-type-simple"},"_links":{"self":[{"href":"https:\/\/www.retro-games.hu\/index.php\/wp-json\/wp\/v2\/product\/66940","targetHints":{"allow":["GET"]}}],"collection":[{"href":"https:\/\/www.retro-games.hu\/index.php\/wp-json\/wp\/v2\/product"}],"about":[{"href":"https:\/\/www.retro-games.hu\/index.php\/wp-json\/wp\/v2\/types\/product"}],"replies":[{"embeddable":true,"href":"https:\/\/www.retro-games.hu\/index.php\/wp-json\/wp\/v2\/comments?post=66940"}],"wp:featuredmedia":[{"embeddable":true,"href":"https:\/\/www.retro-games.hu\/index.php\/wp-json\/wp\/v2\/media\/66939"}],"wp:attachment":[{"href":"https:\/\/www.retro-games.hu\/index.php\/wp-json\/wp\/v2\/media?parent=66940"}],"wp:term":[{"taxonomy":"product_brand","embeddable":true,"href":"https:\/\/www.retro-games.hu\/index.php\/wp-json\/wp\/v2\/product_brand?post=66940"},{"taxonomy":"product_cat","embeddable":true,"href":"https:\/\/www.retro-games.hu\/index.php\/wp-json\/wp\/v2\/product_cat?post=66940"},{"taxonomy":"product_tag","embeddable":true,"href":"https:\/\/www.retro-games.hu\/index.php\/wp-json\/wp\/v2\/product_tag?post=66940"}],"curies":[{"name":"wp","href":"https:\/\/api.w.org\/{rel}","templated":true}]}}