{"id":67018,"date":"2025-11-03T18:48:42","date_gmt":"2025-11-03T18:48:42","guid":{"rendered":"https:\/\/www.retro-games.hu\/index.php\/termek\/syberia-2\/"},"modified":"2025-11-03T18:48:44","modified_gmt":"2025-11-03T18:48:44","slug":"syberia-2","status":"publish","type":"product","link":"https:\/\/www.retro-games.hu\/index.php\/termek\/syberia-2\/","title":{"rendered":"Syberia"},"content":{"rendered":"<p>Klasszikus point \u2018n click kalandj\u00e1t\u00e9k. Kiad\u00e1s \u00e9ve: 2002. Platform: Windows 95\/98\/ME\/2000\/XP. Kivitel: \u00fajs\u00e1gmell\u00e9klet, csak az eredeti 2 CD, angol nyelv\u0171 j\u00e1t\u00e9k. CD-k \u00e1llapota: szinte karcmentes, tesztelt, m\u0171k\u00f6dik<\/p>\n","protected":false},"excerpt":{"rendered":"<p>Klasszikus point \u2018n click kalandj\u00e1t\u00e9k. Kiad\u00e1s \u00e9ve: 2002. Platform: Windows 95\/98\/ME\/2000\/XP. Kivitel: \u00fajs\u00e1gmell\u00e9klet, csak az eredeti 2 CD, angol nyelv\u0171 j\u00e1t\u00e9k. CD-k \u00e1llapota: szinte karcmentes, tesztelt, m\u0171k\u00f6dik<\/p>\n","protected":false},"featured_media":67017,"comment_status":"open","ping_status":"closed","template":"","meta":{"_et_pb_use_builder":"","_et_pb_old_content":"","_et_gb_content_width":""},"product_brand":[],"product_cat":[25,120,155],"product_tag":[],"class_list":{"0":"post-67018","1":"product","2":"type-product","3":"status-publish","4":"has-post-thumbnail","6":"product_cat-kaland","7":"product_cat-klasszikus-point-n-click","8":"product_cat-jatekok","9":"pa_allapot-hasznalt","10":"pa_kivitel-ujsagmelleklet","11":"pa_nyelv-angol","12":"pa_platform-pc-windows-2000","13":"pa_platform-pc-windows-95","14":"pa_platform-pc-windows-98","15":"pa_platform-pc-windows-me","16":"pa_platform-pc_windows","18":"first","19":"instock","20":"shipping-taxable","21":"purchasable","22":"product-type-simple"},"_links":{"self":[{"href":"https:\/\/www.retro-games.hu\/index.php\/wp-json\/wp\/v2\/product\/67018","targetHints":{"allow":["GET"]}}],"collection":[{"href":"https:\/\/www.retro-games.hu\/index.php\/wp-json\/wp\/v2\/product"}],"about":[{"href":"https:\/\/www.retro-games.hu\/index.php\/wp-json\/wp\/v2\/types\/product"}],"replies":[{"embeddable":true,"href":"https:\/\/www.retro-games.hu\/index.php\/wp-json\/wp\/v2\/comments?post=67018"}],"wp:featuredmedia":[{"embeddable":true,"href":"https:\/\/www.retro-games.hu\/index.php\/wp-json\/wp\/v2\/media\/67017"}],"wp:attachment":[{"href":"https:\/\/www.retro-games.hu\/index.php\/wp-json\/wp\/v2\/media?parent=67018"}],"wp:term":[{"taxonomy":"product_brand","embeddable":true,"href":"https:\/\/www.retro-games.hu\/index.php\/wp-json\/wp\/v2\/product_brand?post=67018"},{"taxonomy":"product_cat","embeddable":true,"href":"https:\/\/www.retro-games.hu\/index.php\/wp-json\/wp\/v2\/product_cat?post=67018"},{"taxonomy":"product_tag","embeddable":true,"href":"https:\/\/www.retro-games.hu\/index.php\/wp-json\/wp\/v2\/product_tag?post=67018"}],"curies":[{"name":"wp","href":"https:\/\/api.w.org\/{rel}","templated":true}]}}