{"id":67032,"date":"2025-11-03T18:49:19","date_gmt":"2025-11-03T18:49:19","guid":{"rendered":"https:\/\/www.retro-games.hu\/index.php\/termek\/woodruff-and-the-schnibble-of-azimuth\/"},"modified":"2025-11-03T18:49:21","modified_gmt":"2025-11-03T18:49:21","slug":"woodruff-and-the-schnibble-of-azimuth","status":"publish","type":"product","link":"https:\/\/www.retro-games.hu\/index.php\/termek\/woodruff-and-the-schnibble-of-azimuth\/","title":{"rendered":"Woodruff and the Schnibble of Azimuth"},"content":{"rendered":"<p>Klasszikus point and click kalandj\u00e1t\u00e9k. Kiad\u00e1s \u00e9ve: 1995. Platform: Windows 3.x. Kivitel: \u00fajs\u00e1gmell\u00e9klet, angol nyelv\u0171 j\u00e1t\u00e9k (teljes verzi\u00f3), csak a CD, \u00e1llapota: karcmentes, \u00fajnak t\u0171nik<\/p>\n","protected":false},"excerpt":{"rendered":"<p>Klasszikus point and click kalandj\u00e1t\u00e9k. Kiad\u00e1s \u00e9ve: 1995. Platform: Windows 3.x. Kivitel: \u00fajs\u00e1gmell\u00e9klet, angol nyelv\u0171 j\u00e1t\u00e9k (teljes verzi\u00f3), csak a CD, \u00e1llapota: karcmentes, \u00fajnak t\u0171nik<\/p>\n","protected":false},"featured_media":67031,"comment_status":"open","ping_status":"closed","template":"","meta":{"_et_pb_use_builder":"","_et_pb_old_content":"","_et_gb_content_width":""},"product_brand":[],"product_cat":[25,120,155],"product_tag":[],"class_list":{"0":"post-67032","1":"product","2":"type-product","3":"status-publish","4":"has-post-thumbnail","6":"product_cat-kaland","7":"product_cat-klasszikus-point-n-click","8":"product_cat-jatekok","9":"pa_allapot-hasznalt","10":"pa_kivitel-ujsagmelleklet","11":"pa_nyelv-angol","12":"pa_platform-pc-windows-3-x","14":"first","15":"instock","16":"shipping-taxable","17":"purchasable","18":"product-type-simple"},"_links":{"self":[{"href":"https:\/\/www.retro-games.hu\/index.php\/wp-json\/wp\/v2\/product\/67032","targetHints":{"allow":["GET"]}}],"collection":[{"href":"https:\/\/www.retro-games.hu\/index.php\/wp-json\/wp\/v2\/product"}],"about":[{"href":"https:\/\/www.retro-games.hu\/index.php\/wp-json\/wp\/v2\/types\/product"}],"replies":[{"embeddable":true,"href":"https:\/\/www.retro-games.hu\/index.php\/wp-json\/wp\/v2\/comments?post=67032"}],"wp:featuredmedia":[{"embeddable":true,"href":"https:\/\/www.retro-games.hu\/index.php\/wp-json\/wp\/v2\/media\/67031"}],"wp:attachment":[{"href":"https:\/\/www.retro-games.hu\/index.php\/wp-json\/wp\/v2\/media?parent=67032"}],"wp:term":[{"taxonomy":"product_brand","embeddable":true,"href":"https:\/\/www.retro-games.hu\/index.php\/wp-json\/wp\/v2\/product_brand?post=67032"},{"taxonomy":"product_cat","embeddable":true,"href":"https:\/\/www.retro-games.hu\/index.php\/wp-json\/wp\/v2\/product_cat?post=67032"},{"taxonomy":"product_tag","embeddable":true,"href":"https:\/\/www.retro-games.hu\/index.php\/wp-json\/wp\/v2\/product_tag?post=67032"}],"curies":[{"name":"wp","href":"https:\/\/api.w.org\/{rel}","templated":true}]}}