{"id":67080,"date":"2025-11-03T18:51:33","date_gmt":"2025-11-03T18:51:33","guid":{"rendered":"https:\/\/www.retro-games.hu\/index.php\/termek\/leisure-suit-larry-yacht-nach-liebe-love-for-sail-nemet\/"},"modified":"2025-11-03T18:51:34","modified_gmt":"2025-11-03T18:51:34","slug":"leisure-suit-larry-yacht-nach-liebe-love-for-sail-nemet","status":"publish","type":"product","link":"https:\/\/www.retro-games.hu\/index.php\/termek\/leisure-suit-larry-yacht-nach-liebe-love-for-sail-nemet\/","title":{"rendered":"Leisure Suit Larry: Yacht nach Liebe! (Love for Sail!) (n\u00e9met)"},"content":{"rendered":"<p>Klasszikus point-and-click kalandj\u00e1t\u00e9k. Kiad\u00e1s \u00e9ve: 1996. Platform: DOS\/Windows 95. Kivitel: Gold Games ut\u00e1nkiad\u00e1s, csak a cd, n\u00e9met nyelv\u0171 j\u00e1t\u00e9k. CD \u00e1llapota: szinte karcmentes, tesztelt, m\u0171k\u00f6dik<\/p>\n","protected":false},"excerpt":{"rendered":"<p>Klasszikus point-and-click kalandj\u00e1t\u00e9k. Kiad\u00e1s \u00e9ve: 1996. Platform: DOS\/Windows 95. Kivitel: Gold Games ut\u00e1nkiad\u00e1s, csak a cd, n\u00e9met nyelv\u0171 j\u00e1t\u00e9k. CD \u00e1llapota: szinte karcmentes, tesztelt, m\u0171k\u00f6dik<\/p>\n","protected":false},"featured_media":67079,"comment_status":"open","ping_status":"closed","template":"","meta":{"_et_pb_use_builder":"","_et_pb_old_content":"","_et_gb_content_width":""},"product_brand":[],"product_cat":[25,120,155],"product_tag":[],"class_list":{"0":"post-67080","1":"product","2":"type-product","3":"status-publish","4":"has-post-thumbnail","6":"product_cat-kaland","7":"product_cat-klasszikus-point-n-click","8":"product_cat-jatekok","9":"pa_allapot-hasznalt","10":"pa_kivitel-csak-a-lemezcddvdkazetta","11":"pa_nyelv-nemet","12":"pa_platform-pc_dos","13":"pa_platform-pc-windows-95","15":"first","16":"instock","17":"shipping-taxable","18":"purchasable","19":"product-type-simple"},"_links":{"self":[{"href":"https:\/\/www.retro-games.hu\/index.php\/wp-json\/wp\/v2\/product\/67080","targetHints":{"allow":["GET"]}}],"collection":[{"href":"https:\/\/www.retro-games.hu\/index.php\/wp-json\/wp\/v2\/product"}],"about":[{"href":"https:\/\/www.retro-games.hu\/index.php\/wp-json\/wp\/v2\/types\/product"}],"replies":[{"embeddable":true,"href":"https:\/\/www.retro-games.hu\/index.php\/wp-json\/wp\/v2\/comments?post=67080"}],"wp:featuredmedia":[{"embeddable":true,"href":"https:\/\/www.retro-games.hu\/index.php\/wp-json\/wp\/v2\/media\/67079"}],"wp:attachment":[{"href":"https:\/\/www.retro-games.hu\/index.php\/wp-json\/wp\/v2\/media?parent=67080"}],"wp:term":[{"taxonomy":"product_brand","embeddable":true,"href":"https:\/\/www.retro-games.hu\/index.php\/wp-json\/wp\/v2\/product_brand?post=67080"},{"taxonomy":"product_cat","embeddable":true,"href":"https:\/\/www.retro-games.hu\/index.php\/wp-json\/wp\/v2\/product_cat?post=67080"},{"taxonomy":"product_tag","embeddable":true,"href":"https:\/\/www.retro-games.hu\/index.php\/wp-json\/wp\/v2\/product_tag?post=67080"}],"curies":[{"name":"wp","href":"https:\/\/api.w.org\/{rel}","templated":true}]}}