{"id":67436,"date":"2025-11-07T16:29:32","date_gmt":"2025-11-07T16:29:32","guid":{"rendered":"https:\/\/www.retro-games.hu\/index.php\/termek\/home-finance-manager-hazi-forint-magus\/"},"modified":"2025-11-07T16:29:37","modified_gmt":"2025-11-07T16:29:37","slug":"home-finance-manager-hazi-forint-magus","status":"publish","type":"product","link":"https:\/\/www.retro-games.hu\/index.php\/termek\/home-finance-manager-hazi-forint-magus\/","title":{"rendered":"Home Finance Manager (H\u00e1zi Forint M\u00e1gus)"},"content":{"rendered":"<p>Otthoni p\u00e9nz\u00fcgyek nyilv\u00e1ntart\u00f3 szoftvere. Kiad\u00e1s \u00e9ve: 2002. Platform: Windows 98\/ME\/2000\/XP. Kivitel: dvd tokos, els\u0151 kiad\u00e1s, magyar feliratos bor\u00edt\u00f3, eredeti CD, magyar nyelv\u0171 p\u00e9nz\u00fcgyi szoftver. CD \u00e1llapota: enyh\u00e9n karcos (hajsz\u00e1lkarcok), tesztelt, m\u0171k\u00f6dik<\/p>\n","protected":false},"excerpt":{"rendered":"<p>Otthoni p\u00e9nz\u00fcgyek nyilv\u00e1ntart\u00f3 szoftvere. Kiad\u00e1s \u00e9ve: 2002. Platform: Windows 98\/ME\/2000\/XP. Kivitel: dvd tokos, els\u0151 kiad\u00e1s, magyar feliratos bor\u00edt\u00f3, eredeti CD, magyar nyelv\u0171 p\u00e9nz\u00fcgyi szoftver. CD \u00e1llapota: enyh\u00e9n karcos (hajsz\u00e1lkarcok), tesztelt, m\u0171k\u00f6dik<\/p>\n","protected":false},"featured_media":67261,"comment_status":"open","ping_status":"closed","template":"","meta":{"_et_pb_use_builder":"","_et_pb_old_content":"","_et_gb_content_width":""},"product_brand":[],"product_cat":[85],"product_tag":[],"class_list":{"0":"post-67436","1":"product","2":"type-product","3":"status-publish","4":"has-post-thumbnail","6":"product_cat-felhasznaloi-program","7":"pa_allapot-hasznalt","8":"pa_kivitel-dvd-tokos","9":"pa_nyelv-magyar-feliratos","10":"pa_platform-pc-windows-2000","11":"pa_platform-pc-windows-98","12":"pa_platform-pc-windows-me","13":"pa_platform-pc_windows","15":"first","16":"instock","17":"shipping-taxable","18":"purchasable","19":"product-type-simple"},"_links":{"self":[{"href":"https:\/\/www.retro-games.hu\/index.php\/wp-json\/wp\/v2\/product\/67436","targetHints":{"allow":["GET"]}}],"collection":[{"href":"https:\/\/www.retro-games.hu\/index.php\/wp-json\/wp\/v2\/product"}],"about":[{"href":"https:\/\/www.retro-games.hu\/index.php\/wp-json\/wp\/v2\/types\/product"}],"replies":[{"embeddable":true,"href":"https:\/\/www.retro-games.hu\/index.php\/wp-json\/wp\/v2\/comments?post=67436"}],"wp:featuredmedia":[{"embeddable":true,"href":"https:\/\/www.retro-games.hu\/index.php\/wp-json\/wp\/v2\/media\/67261"}],"wp:attachment":[{"href":"https:\/\/www.retro-games.hu\/index.php\/wp-json\/wp\/v2\/media?parent=67436"}],"wp:term":[{"taxonomy":"product_brand","embeddable":true,"href":"https:\/\/www.retro-games.hu\/index.php\/wp-json\/wp\/v2\/product_brand?post=67436"},{"taxonomy":"product_cat","embeddable":true,"href":"https:\/\/www.retro-games.hu\/index.php\/wp-json\/wp\/v2\/product_cat?post=67436"},{"taxonomy":"product_tag","embeddable":true,"href":"https:\/\/www.retro-games.hu\/index.php\/wp-json\/wp\/v2\/product_tag?post=67436"}],"curies":[{"name":"wp","href":"https:\/\/api.w.org\/{rel}","templated":true}]}}