{"id":67439,"date":"2025-11-07T16:29:57","date_gmt":"2025-11-07T16:29:57","guid":{"rendered":"https:\/\/www.retro-games.hu\/index.php\/termek\/medal-of-honor-limited-edition-2010\/"},"modified":"2025-11-07T16:30:04","modified_gmt":"2025-11-07T16:30:04","slug":"medal-of-honor-limited-edition-2010","status":"publish","type":"product","link":"https:\/\/www.retro-games.hu\/index.php\/termek\/medal-of-honor-limited-edition-2010\/","title":{"rendered":"Medal of Honor Limited Edition (2010)"},"content":{"rendered":"<p>Bels\u0151 n\u00e9zetes l\u00f6v\u00f6ld\u00f6z\u0151s j\u00e1t\u00e9k. Kiad\u00e1s \u00e9ve: 2010. Platform: Windows XP\/Vista\/7. Kivitel: dvd tokos, Limited Edition kiad\u00e1s (a multiplayer extr\u00e1k k\u00f3dja fel lett haszn\u00e1lva, \u00edgy csak sima kiad\u00e1sk\u00e9nt m\u0171k\u00f6dik), magyar\/cseh feliratos bor\u00edt\u00f3, magyar\/cseh nyelv\u0171 pap\u00edrk\u00e9zik\u00f6nyv, eredeti dvd, angol nyelv\u0171 j\u00e1t\u00e9k. DVD \u00e1llapota: szinte karcmentes, tesztelt, m\u0171k\u00f6dik. Telep\u00edt\u0151k\u00f3d megvan, val\u00f3sz\u00edn\u0171leg el lett haszn\u00e1lva internetes multiplayerre, offline j\u00e1t\u00e9kra alkalmas biztosan. Megjegyz\u00e9s: a term\u00e9ket interneten aktiv\u00e1lni kell &#8211; 5 g\u00e9pre lehet telep\u00edteni, de m\u00e9g nincs az \u00f6sszes elhaszn\u00e1lva.<\/p>\n","protected":false},"excerpt":{"rendered":"<p>Bels\u0151 n\u00e9zetes l\u00f6v\u00f6ld\u00f6z\u0151s j\u00e1t\u00e9k. Kiad\u00e1s \u00e9ve: 2010. Platform: Windows XP\/Vista\/7. Kivitel: dvd tokos, Limited Edition kiad\u00e1s (a multiplayer extr\u00e1k k\u00f3dja fel lett haszn\u00e1lva, \u00edgy csak sima kiad\u00e1sk\u00e9nt m\u0171k\u00f6dik), magyar\/cseh feliratos bor\u00edt\u00f3, magyar\/cseh nyelv\u0171 pap\u00edrk\u00e9zik\u00f6nyv, eredeti dvd, angol nyelv\u0171 j\u00e1t\u00e9k. DVD \u00e1llapota: szinte karcmentes, tesztelt, m\u0171k\u00f6dik. Telep\u00edt\u0151k\u00f3d megvan, val\u00f3sz\u00edn\u0171leg el lett haszn\u00e1lva internetes multiplayerre, offline j\u00e1t\u00e9kra [&hellip;]<\/p>\n","protected":false},"featured_media":67273,"comment_status":"open","ping_status":"closed","template":"","meta":{"_et_pb_use_builder":"","_et_pb_old_content":"","_et_gb_content_width":""},"product_brand":[],"product_cat":[21,22,155],"product_tag":[],"class_list":{"0":"post-67439","1":"product","2":"type-product","3":"status-publish","4":"has-post-thumbnail","6":"product_cat-akcio","7":"product_cat-belso-nezetes-lovoldozos-fps","8":"product_cat-jatekok","9":"pa_allapot-hasznalt","10":"pa_kivitel-dvd-tokos","11":"pa_nyelv-angol","12":"pa_platform-pc-windows-7","13":"pa_platform-pc-windows-vista","14":"pa_platform-pc_windows","16":"first","17":"instock","18":"shipping-taxable","19":"purchasable","20":"product-type-simple"},"_links":{"self":[{"href":"https:\/\/www.retro-games.hu\/index.php\/wp-json\/wp\/v2\/product\/67439","targetHints":{"allow":["GET"]}}],"collection":[{"href":"https:\/\/www.retro-games.hu\/index.php\/wp-json\/wp\/v2\/product"}],"about":[{"href":"https:\/\/www.retro-games.hu\/index.php\/wp-json\/wp\/v2\/types\/product"}],"replies":[{"embeddable":true,"href":"https:\/\/www.retro-games.hu\/index.php\/wp-json\/wp\/v2\/comments?post=67439"}],"wp:featuredmedia":[{"embeddable":true,"href":"https:\/\/www.retro-games.hu\/index.php\/wp-json\/wp\/v2\/media\/67273"}],"wp:attachment":[{"href":"https:\/\/www.retro-games.hu\/index.php\/wp-json\/wp\/v2\/media?parent=67439"}],"wp:term":[{"taxonomy":"product_brand","embeddable":true,"href":"https:\/\/www.retro-games.hu\/index.php\/wp-json\/wp\/v2\/product_brand?post=67439"},{"taxonomy":"product_cat","embeddable":true,"href":"https:\/\/www.retro-games.hu\/index.php\/wp-json\/wp\/v2\/product_cat?post=67439"},{"taxonomy":"product_tag","embeddable":true,"href":"https:\/\/www.retro-games.hu\/index.php\/wp-json\/wp\/v2\/product_tag?post=67439"}],"curies":[{"name":"wp","href":"https:\/\/api.w.org\/{rel}","templated":true}]}}