{"id":67454,"date":"2025-11-07T16:32:02","date_gmt":"2025-11-07T16:32:02","guid":{"rendered":"https:\/\/www.retro-games.hu\/index.php\/termek\/spellforce-universe-1-2-kiegek\/"},"modified":"2025-11-07T16:32:09","modified_gmt":"2025-11-07T16:32:09","slug":"spellforce-universe-1-2-kiegek","status":"publish","type":"product","link":"https:\/\/www.retro-games.hu\/index.php\/termek\/spellforce-universe-1-2-kiegek\/","title":{"rendered":"Spellforce Universe (1 + 2 + kiegek)"},"content":{"rendered":"<p>Val\u00f3s idej\u0171 strat\u00e9giai j\u00e1t\u00e9k, szerepj\u00e1t\u00e9k elemekkel. Kiad\u00e1s \u00e9ve: 2007. Platform: Windows 2000\/XP\/Vista. Kivitel: dvd tokos, els\u0151 kiad\u00e1s, angol\/magyar feliratos bor\u00edt\u00f3, eredeti 2 dvd. Tartalma: Spellforce: The Order of Dawn alapj\u00e1t\u00e9k + Breath of Winter \u00e9s Shadow of the Phoenix kieg\u00e9sz\u00edt\u0151k (csak angol nyelven); Spellforce 2: Shadow Wars alapj\u00e1t\u00e9k + Dragon Storm kieg\u00e9sz\u00edt\u0151 (az ezut\u00e1n megjelent 2 \u00faj kieg\u00e9sz\u00edt\u0151t nem tartalmazza!) Ezek nyelve angol, francia, n\u00e9met \u00e9s olasz. DVD-k \u00e1llapota: karcmentes, \u00fajnak t\u0171nik<\/p>\n","protected":false},"excerpt":{"rendered":"<p>Val\u00f3s idej\u0171 strat\u00e9giai j\u00e1t\u00e9k, szerepj\u00e1t\u00e9k elemekkel. Kiad\u00e1s \u00e9ve: 2007. Platform: Windows 2000\/XP\/Vista. Kivitel: dvd tokos, els\u0151 kiad\u00e1s, angol\/magyar feliratos bor\u00edt\u00f3, eredeti 2 dvd. Tartalma: Spellforce: The Order of Dawn alapj\u00e1t\u00e9k + Breath of Winter \u00e9s Shadow of the Phoenix kieg\u00e9sz\u00edt\u0151k (csak angol nyelven); Spellforce 2: Shadow Wars alapj\u00e1t\u00e9k + Dragon Storm kieg\u00e9sz\u00edt\u0151 (az ezut\u00e1n megjelent [&hellip;]<\/p>\n","protected":false},"featured_media":67333,"comment_status":"open","ping_status":"closed","template":"","meta":{"_et_pb_use_builder":"","_et_pb_old_content":"","_et_gb_content_width":""},"product_brand":[],"product_cat":[155,43,142],"product_tag":[],"class_list":{"0":"post-67454","1":"product","2":"type-product","3":"status-publish","4":"has-post-thumbnail","6":"product_cat-jatekok","7":"product_cat-strategiai-jatek","8":"product_cat-valos-ideju-szerepjatek-elemekkel","9":"pa_allapot-hasznalt","10":"pa_kivitel-dvd-tokos","11":"pa_nyelv-angol","12":"pa_platform-pc-windows-2000","13":"pa_platform-pc-windows-vista","14":"pa_platform-pc_windows","16":"first","17":"instock","18":"shipping-taxable","19":"purchasable","20":"product-type-simple"},"_links":{"self":[{"href":"https:\/\/www.retro-games.hu\/index.php\/wp-json\/wp\/v2\/product\/67454","targetHints":{"allow":["GET"]}}],"collection":[{"href":"https:\/\/www.retro-games.hu\/index.php\/wp-json\/wp\/v2\/product"}],"about":[{"href":"https:\/\/www.retro-games.hu\/index.php\/wp-json\/wp\/v2\/types\/product"}],"replies":[{"embeddable":true,"href":"https:\/\/www.retro-games.hu\/index.php\/wp-json\/wp\/v2\/comments?post=67454"}],"wp:featuredmedia":[{"embeddable":true,"href":"https:\/\/www.retro-games.hu\/index.php\/wp-json\/wp\/v2\/media\/67333"}],"wp:attachment":[{"href":"https:\/\/www.retro-games.hu\/index.php\/wp-json\/wp\/v2\/media?parent=67454"}],"wp:term":[{"taxonomy":"product_brand","embeddable":true,"href":"https:\/\/www.retro-games.hu\/index.php\/wp-json\/wp\/v2\/product_brand?post=67454"},{"taxonomy":"product_cat","embeddable":true,"href":"https:\/\/www.retro-games.hu\/index.php\/wp-json\/wp\/v2\/product_cat?post=67454"},{"taxonomy":"product_tag","embeddable":true,"href":"https:\/\/www.retro-games.hu\/index.php\/wp-json\/wp\/v2\/product_tag?post=67454"}],"curies":[{"name":"wp","href":"https:\/\/api.w.org\/{rel}","templated":true}]}}