{"id":67461,"date":"2025-11-07T16:32:56","date_gmt":"2025-11-07T16:32:56","guid":{"rendered":"https:\/\/www.retro-games.hu\/index.php\/termek\/the-lord-of-the-rings-conquest\/"},"modified":"2025-11-07T16:33:02","modified_gmt":"2025-11-07T16:33:02","slug":"the-lord-of-the-rings-conquest","status":"publish","type":"product","link":"https:\/\/www.retro-games.hu\/index.php\/termek\/the-lord-of-the-rings-conquest\/","title":{"rendered":"The Lord of the Rings: Conquest"},"content":{"rendered":"<p>K\u00fcls\u0151 n\u00e9zetes akci\u00f3j\u00e1t\u00e9k. Kiad\u00e1s \u00e9ve: 2009. Platform: Windows XP\/Vista. Kivitel: dvd tokos, ut\u00e1nkiad\u00e1s, magyar feliratos bor\u00edt\u00f3,  magyar nyelv\u0171 pap\u00edrk\u00e9zik\u00f6nyv, eredeti dvd, angol \u00e9s n\u00e9met, spanyol, francia, olasz, norv\u00e9g, lengyel, orosz, sv\u00e9d nyelv\u0171 j\u00e1t\u00e9k. DVD \u00e1llapota: enyh\u00e9n karcos (hajsz\u00e1lkarcok), tesztelt, m\u0171k\u00f6dik. Figyelem! Online aktiv\u00e1l\u00e1s sz\u00fcks\u00e9ges a j\u00e1t\u00e9khoz, de m\u00e9g nincs elhaszn\u00e1lva az \u00f6sszes lehet\u0151s\u00e9g.<\/p>\n","protected":false},"excerpt":{"rendered":"<p>K\u00fcls\u0151 n\u00e9zetes akci\u00f3j\u00e1t\u00e9k. Kiad\u00e1s \u00e9ve: 2009. Platform: Windows XP\/Vista. Kivitel: dvd tokos, ut\u00e1nkiad\u00e1s, magyar feliratos bor\u00edt\u00f3, magyar nyelv\u0171 pap\u00edrk\u00e9zik\u00f6nyv, eredeti dvd, angol \u00e9s n\u00e9met, spanyol, francia, olasz, norv\u00e9g, lengyel, orosz, sv\u00e9d nyelv\u0171 j\u00e1t\u00e9k. DVD \u00e1llapota: enyh\u00e9n karcos (hajsz\u00e1lkarcok), tesztelt, m\u0171k\u00f6dik. Figyelem! Online aktiv\u00e1l\u00e1s sz\u00fcks\u00e9ges a j\u00e1t\u00e9khoz, de m\u00e9g nincs elhaszn\u00e1lva az \u00f6sszes lehet\u0151s\u00e9g.<\/p>\n","protected":false},"featured_media":67361,"comment_status":"open","ping_status":"closed","template":"","meta":{"_et_pb_use_builder":"","_et_pb_old_content":"","_et_gb_content_width":""},"product_brand":[],"product_cat":[21,61,155],"product_tag":[],"class_list":{"0":"post-67461","1":"product","2":"type-product","3":"status-publish","4":"has-post-thumbnail","6":"product_cat-akcio","7":"product_cat-egyeb-akciojatek","8":"product_cat-jatekok","9":"pa_allapot-hasznalt","10":"pa_kivitel-dvd-tokos","11":"pa_nyelv-angol","12":"pa_nyelv-francia","13":"pa_nyelv-lengyel","14":"pa_nyelv-nemet","15":"pa_nyelv-norveg","16":"pa_nyelv-olasz","17":"pa_nyelv-orosz","18":"pa_nyelv-spanyol","19":"pa_nyelv-sved","20":"pa_platform-pc-windows-vista","21":"pa_platform-pc_windows","23":"first","24":"instock","25":"shipping-taxable","26":"purchasable","27":"product-type-simple"},"_links":{"self":[{"href":"https:\/\/www.retro-games.hu\/index.php\/wp-json\/wp\/v2\/product\/67461","targetHints":{"allow":["GET"]}}],"collection":[{"href":"https:\/\/www.retro-games.hu\/index.php\/wp-json\/wp\/v2\/product"}],"about":[{"href":"https:\/\/www.retro-games.hu\/index.php\/wp-json\/wp\/v2\/types\/product"}],"replies":[{"embeddable":true,"href":"https:\/\/www.retro-games.hu\/index.php\/wp-json\/wp\/v2\/comments?post=67461"}],"wp:featuredmedia":[{"embeddable":true,"href":"https:\/\/www.retro-games.hu\/index.php\/wp-json\/wp\/v2\/media\/67361"}],"wp:attachment":[{"href":"https:\/\/www.retro-games.hu\/index.php\/wp-json\/wp\/v2\/media?parent=67461"}],"wp:term":[{"taxonomy":"product_brand","embeddable":true,"href":"https:\/\/www.retro-games.hu\/index.php\/wp-json\/wp\/v2\/product_brand?post=67461"},{"taxonomy":"product_cat","embeddable":true,"href":"https:\/\/www.retro-games.hu\/index.php\/wp-json\/wp\/v2\/product_cat?post=67461"},{"taxonomy":"product_tag","embeddable":true,"href":"https:\/\/www.retro-games.hu\/index.php\/wp-json\/wp\/v2\/product_tag?post=67461"}],"curies":[{"name":"wp","href":"https:\/\/api.w.org\/{rel}","templated":true}]}}