{"id":67536,"date":"2025-12-13T17:39:39","date_gmt":"2025-12-13T17:39:39","guid":{"rendered":"https:\/\/www.retro-games.hu\/index.php\/termek\/hitman-codename-47-2\/"},"modified":"2025-12-13T19:10:54","modified_gmt":"2025-12-13T19:10:54","slug":"hitman-codename-47-2","status":"publish","type":"product","link":"https:\/\/www.retro-games.hu\/index.php\/termek\/hitman-codename-47-2\/","title":{"rendered":"Hitman: Codename 47"},"content":{"rendered":"<p>K\u00fcls\u0151 n\u00e9zetes lopakod\u00f3s j\u00e1t\u00e9k. Kiad\u00e1s \u00e9ve: 2000. Platform: Windows 95\/98\/ME\/XP. Kivitel: dvd tokos, Sold Out kiad\u00e1s, angol feliratos bor\u00edt\u00f3, eredeti cd, angol, francia, n\u00e9met, olasz, spanyol nyelv\u0171 j\u00e1t\u00e9k. CD \u00e1llapota: szinte karcmentes, tesztelt, m\u0171k\u00f6dik<\/p>\n","protected":false},"excerpt":{"rendered":"<p>K\u00fcls\u0151 n\u00e9zetes lopakod\u00f3s j\u00e1t\u00e9k. Kiad\u00e1s \u00e9ve: 2000. Platform: Windows 95\/98\/ME\/XP. Kivitel: dvd tokos, Sold Out kiad\u00e1s, angol feliratos bor\u00edt\u00f3, eredeti cd, angol, francia, n\u00e9met, olasz, spanyol nyelv\u0171 j\u00e1t\u00e9k. CD \u00e1llapota: szinte karcmentes, tesztelt, m\u0171k\u00f6dik<\/p>\n","protected":false},"featured_media":67535,"comment_status":"open","ping_status":"closed","template":"","meta":{"_et_pb_use_builder":"","_et_pb_old_content":"","_et_gb_content_width":""},"product_brand":[],"product_cat":[21,39,155],"product_tag":[],"class_list":{"0":"post-67536","1":"product","2":"type-product","3":"status-publish","4":"has-post-thumbnail","6":"product_cat-akcio","7":"product_cat-kulso-nezetu-lovoldozos","8":"product_cat-jatekok","9":"pa_allapot-hasznalt","10":"pa_kivitel-dvd-tokos","11":"pa_nyelv-angol","12":"pa_nyelv-francia","13":"pa_nyelv-nemet","14":"pa_nyelv-olasz","15":"pa_nyelv-spanyol","16":"pa_platform-pc-windows-95","17":"pa_platform-pc-windows-98","18":"pa_platform-pc-windows-me","19":"pa_platform-pc_windows","21":"first","22":"instock","23":"shipping-taxable","24":"purchasable","25":"product-type-simple"},"_links":{"self":[{"href":"https:\/\/www.retro-games.hu\/index.php\/wp-json\/wp\/v2\/product\/67536","targetHints":{"allow":["GET"]}}],"collection":[{"href":"https:\/\/www.retro-games.hu\/index.php\/wp-json\/wp\/v2\/product"}],"about":[{"href":"https:\/\/www.retro-games.hu\/index.php\/wp-json\/wp\/v2\/types\/product"}],"replies":[{"embeddable":true,"href":"https:\/\/www.retro-games.hu\/index.php\/wp-json\/wp\/v2\/comments?post=67536"}],"wp:featuredmedia":[{"embeddable":true,"href":"https:\/\/www.retro-games.hu\/index.php\/wp-json\/wp\/v2\/media\/67535"}],"wp:attachment":[{"href":"https:\/\/www.retro-games.hu\/index.php\/wp-json\/wp\/v2\/media?parent=67536"}],"wp:term":[{"taxonomy":"product_brand","embeddable":true,"href":"https:\/\/www.retro-games.hu\/index.php\/wp-json\/wp\/v2\/product_brand?post=67536"},{"taxonomy":"product_cat","embeddable":true,"href":"https:\/\/www.retro-games.hu\/index.php\/wp-json\/wp\/v2\/product_cat?post=67536"},{"taxonomy":"product_tag","embeddable":true,"href":"https:\/\/www.retro-games.hu\/index.php\/wp-json\/wp\/v2\/product_tag?post=67536"}],"curies":[{"name":"wp","href":"https:\/\/api.w.org\/{rel}","templated":true}]}}