{"id":67692,"date":"2025-12-13T19:31:23","date_gmt":"2025-12-13T19:31:23","guid":{"rendered":"https:\/\/www.retro-games.hu\/index.php\/termek\/csi-crime-scene-investigation-dark-motives-3\/"},"modified":"2025-12-13T19:31:46","modified_gmt":"2025-12-13T19:31:46","slug":"csi-crime-scene-investigation-dark-motives-3","status":"publish","type":"product","link":"https:\/\/www.retro-games.hu\/index.php\/termek\/csi-crime-scene-investigation-dark-motives-3\/","title":{"rendered":"CSI: Crime Scene Investigation &#8211; Dark Motives"},"content":{"rendered":"<p>Nyomoz\u00f3s j\u00e1t\u00e9k. Kiad\u00e1s \u00e9ve: 2004. Platform: Windows 98\/ME\/2000\/XP. Kivitel: dvd tokos, ut\u00e1nkiad\u00e1s, magyar feliratos bor\u00edt\u00f3, eredeti dvd, angol, francia, n\u00e9met, olasz nyelv\u0171 j\u00e1t\u00e9k. DVD \u00e1llapota: karcmentes, \u00fajnak t\u0171nnek<\/p>\n","protected":false},"excerpt":{"rendered":"<p>Nyomoz\u00f3s j\u00e1t\u00e9k. Kiad\u00e1s \u00e9ve: 2004. Platform: Windows 98\/ME\/2000\/XP. Kivitel: dvd tokos, ut\u00e1nkiad\u00e1s, magyar feliratos bor\u00edt\u00f3, eredeti dvd, angol, francia, n\u00e9met, olasz nyelv\u0171 j\u00e1t\u00e9k. DVD \u00e1llapota: karcmentes, \u00fajnak t\u0171nnek<\/p>\n","protected":false},"featured_media":67691,"comment_status":"open","ping_status":"closed","template":"","meta":{"_et_pb_use_builder":"","_et_pb_old_content":"","_et_gb_content_width":""},"product_brand":[],"product_cat":[25,155,114],"product_tag":[],"class_list":{"0":"post-67692","1":"product","2":"type-product","3":"status-publish","4":"has-post-thumbnail","6":"product_cat-kaland","7":"product_cat-jatekok","8":"product_cat-rejtvenymegoldo","9":"pa_allapot-hasznalt","10":"pa_kivitel-dvd-tokos","11":"pa_nyelv-angol","12":"pa_nyelv-francia","13":"pa_nyelv-nemet","14":"pa_nyelv-olasz","15":"pa_platform-pc-windows-2000","16":"pa_platform-pc-windows-98","17":"pa_platform-pc-windows-me","18":"pa_platform-pc_windows","20":"first","21":"instock","22":"shipping-taxable","23":"purchasable","24":"product-type-simple"},"_links":{"self":[{"href":"https:\/\/www.retro-games.hu\/index.php\/wp-json\/wp\/v2\/product\/67692","targetHints":{"allow":["GET"]}}],"collection":[{"href":"https:\/\/www.retro-games.hu\/index.php\/wp-json\/wp\/v2\/product"}],"about":[{"href":"https:\/\/www.retro-games.hu\/index.php\/wp-json\/wp\/v2\/types\/product"}],"replies":[{"embeddable":true,"href":"https:\/\/www.retro-games.hu\/index.php\/wp-json\/wp\/v2\/comments?post=67692"}],"wp:featuredmedia":[{"embeddable":true,"href":"https:\/\/www.retro-games.hu\/index.php\/wp-json\/wp\/v2\/media\/67691"}],"wp:attachment":[{"href":"https:\/\/www.retro-games.hu\/index.php\/wp-json\/wp\/v2\/media?parent=67692"}],"wp:term":[{"taxonomy":"product_brand","embeddable":true,"href":"https:\/\/www.retro-games.hu\/index.php\/wp-json\/wp\/v2\/product_brand?post=67692"},{"taxonomy":"product_cat","embeddable":true,"href":"https:\/\/www.retro-games.hu\/index.php\/wp-json\/wp\/v2\/product_cat?post=67692"},{"taxonomy":"product_tag","embeddable":true,"href":"https:\/\/www.retro-games.hu\/index.php\/wp-json\/wp\/v2\/product_tag?post=67692"}],"curies":[{"name":"wp","href":"https:\/\/api.w.org\/{rel}","templated":true}]}}