{"id":67724,"date":"2025-12-13T19:35:48","date_gmt":"2025-12-13T19:35:48","guid":{"rendered":"https:\/\/www.retro-games.hu\/index.php\/termek\/the-godfather-the-game-2\/"},"modified":"2025-12-13T19:36:11","modified_gmt":"2025-12-13T19:36:11","slug":"the-godfather-the-game-2","status":"publish","type":"product","link":"https:\/\/www.retro-games.hu\/index.php\/termek\/the-godfather-the-game-2\/","title":{"rendered":"The Godfather: The Game"},"content":{"rendered":"<p>Ny\u00edlt vil\u00e1g\u00fa akci\u00f3-kalandj\u00e1t\u00e9k. Kiad\u00e1s \u00e9ve: 2006. Platform: Windows 2000\/XP. Kivitel: dvd tokos, els\u0151 kiad\u00e1s, magyar\/cseh feliratos bor\u00edt\u00f3, magyar\/cseh nyelv\u0171 pap\u00edrk\u00e9zik\u00f6nyv, eredeti dvd, angol, d\u00e1n, holland, lengyel, sv\u00e9d nyelv\u0171 j\u00e1t\u00e9k. DVD \u00e1llapota: szinte karcmentes, tesztelt, m\u0171k\u00f6dik<\/p>\n","protected":false},"excerpt":{"rendered":"<p>Ny\u00edlt vil\u00e1g\u00fa akci\u00f3-kalandj\u00e1t\u00e9k. Kiad\u00e1s \u00e9ve: 2006. Platform: Windows 2000\/XP. Kivitel: dvd tokos, els\u0151 kiad\u00e1s, magyar\/cseh feliratos bor\u00edt\u00f3, magyar\/cseh nyelv\u0171 pap\u00edrk\u00e9zik\u00f6nyv, eredeti dvd, angol, d\u00e1n, holland, lengyel, sv\u00e9d nyelv\u0171 j\u00e1t\u00e9k. DVD \u00e1llapota: szinte karcmentes, tesztelt, m\u0171k\u00f6dik<\/p>\n","protected":false},"featured_media":67723,"comment_status":"open","ping_status":"closed","template":"","meta":{"_et_pb_use_builder":"","_et_pb_old_content":"","_et_gb_content_width":""},"product_brand":[],"product_cat":[101,25,155],"product_tag":[],"class_list":{"0":"post-67724","1":"product","2":"type-product","3":"status-publish","4":"has-post-thumbnail","6":"product_cat-akcio-kalandjatek-nyilt-vilag","7":"product_cat-kaland","8":"product_cat-jatekok","9":"pa_allapot-hasznalt","10":"pa_kivitel-dvd-tokos","11":"pa_nyelv-angol","12":"pa_nyelv-dan","13":"pa_nyelv-holland","14":"pa_nyelv-lengyel","15":"pa_nyelv-sved","16":"pa_platform-pc-windows-2000","17":"pa_platform-pc_windows","19":"first","20":"instock","21":"shipping-taxable","22":"purchasable","23":"product-type-simple"},"_links":{"self":[{"href":"https:\/\/www.retro-games.hu\/index.php\/wp-json\/wp\/v2\/product\/67724","targetHints":{"allow":["GET"]}}],"collection":[{"href":"https:\/\/www.retro-games.hu\/index.php\/wp-json\/wp\/v2\/product"}],"about":[{"href":"https:\/\/www.retro-games.hu\/index.php\/wp-json\/wp\/v2\/types\/product"}],"replies":[{"embeddable":true,"href":"https:\/\/www.retro-games.hu\/index.php\/wp-json\/wp\/v2\/comments?post=67724"}],"wp:featuredmedia":[{"embeddable":true,"href":"https:\/\/www.retro-games.hu\/index.php\/wp-json\/wp\/v2\/media\/67723"}],"wp:attachment":[{"href":"https:\/\/www.retro-games.hu\/index.php\/wp-json\/wp\/v2\/media?parent=67724"}],"wp:term":[{"taxonomy":"product_brand","embeddable":true,"href":"https:\/\/www.retro-games.hu\/index.php\/wp-json\/wp\/v2\/product_brand?post=67724"},{"taxonomy":"product_cat","embeddable":true,"href":"https:\/\/www.retro-games.hu\/index.php\/wp-json\/wp\/v2\/product_cat?post=67724"},{"taxonomy":"product_tag","embeddable":true,"href":"https:\/\/www.retro-games.hu\/index.php\/wp-json\/wp\/v2\/product_tag?post=67724"}],"curies":[{"name":"wp","href":"https:\/\/api.w.org\/{rel}","templated":true}]}}