{"id":67728,"date":"2025-12-13T19:36:22","date_gmt":"2025-12-13T19:36:22","guid":{"rendered":"https:\/\/www.retro-games.hu\/index.php\/termek\/zoo-tycoon-2-ultimate-collection-2\/"},"modified":"2025-12-13T19:36:45","modified_gmt":"2025-12-13T19:36:45","slug":"zoo-tycoon-2-ultimate-collection-2","status":"publish","type":"product","link":"https:\/\/www.retro-games.hu\/index.php\/termek\/zoo-tycoon-2-ultimate-collection-2\/","title":{"rendered":"Zoo Tycoon 2 Ultimate Collection"},"content":{"rendered":"<p>\u00c1llatkert-menedzsment szimul\u00e1tor. Kiad\u00e1s \u00e9ve: 2004. Platform: Windows 98SE\/ME\/2000\/XP. Kivitel: dvd tokos, els\u0151 kiad\u00e1s, angol feliratos bor\u00edt\u00f3, r\u00f6vid \u00fatmutat\u00f3, eredeti 3 cd, angol nyelv\u0171 j\u00e1t\u00e9k. A kollekci\u00f3 tartalma: Zoo Tycoon 2 alapj\u00e1t\u00e9k, Extinct Animals, Marine Marina, African Adventure \u00e9s Endangered Species kieg\u00e9sz\u00edt\u0151 lemezek. CD-k \u00e1llapota: enyh\u00e9n karcos (hajsz\u00e1lkarcok), tesztelt, m\u0171k\u00f6dik<\/p>\n","protected":false},"excerpt":{"rendered":"<p>\u00c1llatkert-menedzsment szimul\u00e1tor. Kiad\u00e1s \u00e9ve: 2004. Platform: Windows 98SE\/ME\/2000\/XP. Kivitel: dvd tokos, els\u0151 kiad\u00e1s, angol feliratos bor\u00edt\u00f3, r\u00f6vid \u00fatmutat\u00f3, eredeti 3 cd, angol nyelv\u0171 j\u00e1t\u00e9k. A kollekci\u00f3 tartalma: Zoo Tycoon 2 alapj\u00e1t\u00e9k, Extinct Animals, Marine Marina, African Adventure \u00e9s Endangered Species kieg\u00e9sz\u00edt\u0151 lemezek. CD-k \u00e1llapota: enyh\u00e9n karcos (hajsz\u00e1lkarcok), tesztelt, m\u0171k\u00f6dik<\/p>\n","protected":false},"featured_media":67727,"comment_status":"open","ping_status":"closed","template":"","meta":{"_et_pb_use_builder":"","_et_pb_old_content":"","_et_gb_content_width":""},"product_brand":[],"product_cat":[155,8,81],"product_tag":[],"class_list":{"0":"post-67728","1":"product","2":"type-product","3":"status-publish","4":"has-post-thumbnail","6":"product_cat-jatekok","7":"product_cat-szimulator","8":"product_cat-uzlet-menedzsment","9":"pa_allapot-hasznalt","10":"pa_kivitel-dvd-tokos","11":"pa_nyelv-angol","12":"pa_platform-pc-windows-2000","13":"pa_platform-pc-windows-98se-2","14":"pa_platform-pc-windows-me","15":"pa_platform-pc_windows","17":"first","18":"instock","19":"shipping-taxable","20":"purchasable","21":"product-type-simple"},"_links":{"self":[{"href":"https:\/\/www.retro-games.hu\/index.php\/wp-json\/wp\/v2\/product\/67728","targetHints":{"allow":["GET"]}}],"collection":[{"href":"https:\/\/www.retro-games.hu\/index.php\/wp-json\/wp\/v2\/product"}],"about":[{"href":"https:\/\/www.retro-games.hu\/index.php\/wp-json\/wp\/v2\/types\/product"}],"replies":[{"embeddable":true,"href":"https:\/\/www.retro-games.hu\/index.php\/wp-json\/wp\/v2\/comments?post=67728"}],"wp:featuredmedia":[{"embeddable":true,"href":"https:\/\/www.retro-games.hu\/index.php\/wp-json\/wp\/v2\/media\/67727"}],"wp:attachment":[{"href":"https:\/\/www.retro-games.hu\/index.php\/wp-json\/wp\/v2\/media?parent=67728"}],"wp:term":[{"taxonomy":"product_brand","embeddable":true,"href":"https:\/\/www.retro-games.hu\/index.php\/wp-json\/wp\/v2\/product_brand?post=67728"},{"taxonomy":"product_cat","embeddable":true,"href":"https:\/\/www.retro-games.hu\/index.php\/wp-json\/wp\/v2\/product_cat?post=67728"},{"taxonomy":"product_tag","embeddable":true,"href":"https:\/\/www.retro-games.hu\/index.php\/wp-json\/wp\/v2\/product_tag?post=67728"}],"curies":[{"name":"wp","href":"https:\/\/api.w.org\/{rel}","templated":true}]}}