{"id":67816,"date":"2025-12-13T19:49:27","date_gmt":"2025-12-13T19:49:27","guid":{"rendered":"https:\/\/www.retro-games.hu\/index.php\/termek\/medal-of-honor-pacific-assault-2\/"},"modified":"2025-12-13T19:49:51","modified_gmt":"2025-12-13T19:49:51","slug":"medal-of-honor-pacific-assault-2","status":"publish","type":"product","link":"https:\/\/www.retro-games.hu\/index.php\/termek\/medal-of-honor-pacific-assault-2\/","title":{"rendered":"Medal of Honor: Pacific Assault"},"content":{"rendered":"<p>Bels\u0151 n\u00e9zetes l\u00f6v\u00f6ld\u00f6z\u0151s j\u00e1t\u00e9k. Kiad\u00e1s \u00e9ve: 2004. Platform: Windows 2000\/XP. Kivitel: dvd tokos, els\u0151 kiad\u00e1s, magyar\/cseh feliratos bor\u00edt\u00f3, magyar\/cseh nyelv\u0171 pap\u00edrk\u00e9zik\u00f6nyv, eredeti dvd, angol, spanyol, olasz, francia, n\u00e9met, holland, lengyel, d\u00e1n, sv\u00e9d nyelv\u0171 j\u00e1t\u00e9k. DVD \u00e1llapota: szinte karcmentes, tesztelt, m\u0171k\u00f6dik<\/p>\n","protected":false},"excerpt":{"rendered":"<p>Bels\u0151 n\u00e9zetes l\u00f6v\u00f6ld\u00f6z\u0151s j\u00e1t\u00e9k. Kiad\u00e1s \u00e9ve: 2004. Platform: Windows 2000\/XP. Kivitel: dvd tokos, els\u0151 kiad\u00e1s, magyar\/cseh feliratos bor\u00edt\u00f3, magyar\/cseh nyelv\u0171 pap\u00edrk\u00e9zik\u00f6nyv, eredeti dvd, angol, spanyol, olasz, francia, n\u00e9met, holland, lengyel, d\u00e1n, sv\u00e9d nyelv\u0171 j\u00e1t\u00e9k. DVD \u00e1llapota: szinte karcmentes, tesztelt, m\u0171k\u00f6dik<\/p>\n","protected":false},"featured_media":67815,"comment_status":"open","ping_status":"closed","template":"","meta":{"_et_pb_use_builder":"","_et_pb_old_content":"","_et_gb_content_width":""},"product_brand":[],"product_cat":[21,22,155],"product_tag":[],"class_list":{"0":"post-67816","1":"product","2":"type-product","3":"status-publish","4":"has-post-thumbnail","6":"product_cat-akcio","7":"product_cat-belso-nezetes-lovoldozos-fps","8":"product_cat-jatekok","9":"pa_allapot-hasznalt","10":"pa_kivitel-dvd-tokos","11":"pa_nyelv-angol","12":"pa_nyelv-dan","13":"pa_nyelv-francia","14":"pa_nyelv-holland","15":"pa_nyelv-lengyel","16":"pa_nyelv-nemet","17":"pa_nyelv-olasz","18":"pa_nyelv-spanyol","19":"pa_nyelv-sved","20":"pa_platform-pc-windows-2000","21":"pa_platform-pc_windows","23":"first","24":"instock","25":"shipping-taxable","26":"purchasable","27":"product-type-simple"},"_links":{"self":[{"href":"https:\/\/www.retro-games.hu\/index.php\/wp-json\/wp\/v2\/product\/67816","targetHints":{"allow":["GET"]}}],"collection":[{"href":"https:\/\/www.retro-games.hu\/index.php\/wp-json\/wp\/v2\/product"}],"about":[{"href":"https:\/\/www.retro-games.hu\/index.php\/wp-json\/wp\/v2\/types\/product"}],"replies":[{"embeddable":true,"href":"https:\/\/www.retro-games.hu\/index.php\/wp-json\/wp\/v2\/comments?post=67816"}],"wp:featuredmedia":[{"embeddable":true,"href":"https:\/\/www.retro-games.hu\/index.php\/wp-json\/wp\/v2\/media\/67815"}],"wp:attachment":[{"href":"https:\/\/www.retro-games.hu\/index.php\/wp-json\/wp\/v2\/media?parent=67816"}],"wp:term":[{"taxonomy":"product_brand","embeddable":true,"href":"https:\/\/www.retro-games.hu\/index.php\/wp-json\/wp\/v2\/product_brand?post=67816"},{"taxonomy":"product_cat","embeddable":true,"href":"https:\/\/www.retro-games.hu\/index.php\/wp-json\/wp\/v2\/product_cat?post=67816"},{"taxonomy":"product_tag","embeddable":true,"href":"https:\/\/www.retro-games.hu\/index.php\/wp-json\/wp\/v2\/product_tag?post=67816"}],"curies":[{"name":"wp","href":"https:\/\/api.w.org\/{rel}","templated":true}]}}