{"id":67820,"date":"2025-12-13T19:50:03","date_gmt":"2025-12-13T19:50:03","guid":{"rendered":"https:\/\/www.retro-games.hu\/index.php\/termek\/virtua-fighter-2-2\/"},"modified":"2025-12-13T19:50:28","modified_gmt":"2025-12-13T19:50:28","slug":"virtua-fighter-2-2","status":"publish","type":"product","link":"https:\/\/www.retro-games.hu\/index.php\/termek\/virtua-fighter-2-2\/","title":{"rendered":"Virtua Fighter 2"},"content":{"rendered":"<p>Vereked\u0151s j\u00e1t\u00e9k. Kiad\u00e1s \u00e9ve: 1997. Platform: Windows 95\/98\/ME. Kivitel: dvd tokos, EVM kiad\u00e1s, magyar feliratos bor\u00edt\u00f3, r\u00f6vid magyar nyelv\u0171 ismertet\u0151, eredeti cd, angol nyelv\u0171 j\u00e1t\u00e9k. CD \u00e1llapota: szinte karcmentes, tesztelt, m\u0171k\u00f6dik<\/p>\n","protected":false},"excerpt":{"rendered":"<p>Vereked\u0151s j\u00e1t\u00e9k. Kiad\u00e1s \u00e9ve: 1997. Platform: Windows 95\/98\/ME. Kivitel: dvd tokos, EVM kiad\u00e1s, magyar feliratos bor\u00edt\u00f3, r\u00f6vid magyar nyelv\u0171 ismertet\u0151, eredeti cd, angol nyelv\u0171 j\u00e1t\u00e9k. CD \u00e1llapota: szinte karcmentes, tesztelt, m\u0171k\u00f6dik<\/p>\n","protected":false},"featured_media":67819,"comment_status":"open","ping_status":"closed","template":"","meta":{"_et_pb_use_builder":"","_et_pb_old_content":"","_et_gb_content_width":""},"product_brand":[],"product_cat":[21,155,32],"product_tag":[],"class_list":{"0":"post-67820","1":"product","2":"type-product","3":"status-publish","4":"has-post-thumbnail","6":"product_cat-akcio","7":"product_cat-jatekok","8":"product_cat-verekedos-beat-em-up","9":"pa_allapot-hasznalt","10":"pa_kivitel-dvd-tokos","11":"pa_nyelv-angol","12":"pa_platform-pc-windows-95","13":"pa_platform-pc-windows-98","14":"pa_platform-pc-windows-me","16":"first","17":"instock","18":"shipping-taxable","19":"purchasable","20":"product-type-simple"},"_links":{"self":[{"href":"https:\/\/www.retro-games.hu\/index.php\/wp-json\/wp\/v2\/product\/67820","targetHints":{"allow":["GET"]}}],"collection":[{"href":"https:\/\/www.retro-games.hu\/index.php\/wp-json\/wp\/v2\/product"}],"about":[{"href":"https:\/\/www.retro-games.hu\/index.php\/wp-json\/wp\/v2\/types\/product"}],"replies":[{"embeddable":true,"href":"https:\/\/www.retro-games.hu\/index.php\/wp-json\/wp\/v2\/comments?post=67820"}],"wp:featuredmedia":[{"embeddable":true,"href":"https:\/\/www.retro-games.hu\/index.php\/wp-json\/wp\/v2\/media\/67819"}],"wp:attachment":[{"href":"https:\/\/www.retro-games.hu\/index.php\/wp-json\/wp\/v2\/media?parent=67820"}],"wp:term":[{"taxonomy":"product_brand","embeddable":true,"href":"https:\/\/www.retro-games.hu\/index.php\/wp-json\/wp\/v2\/product_brand?post=67820"},{"taxonomy":"product_cat","embeddable":true,"href":"https:\/\/www.retro-games.hu\/index.php\/wp-json\/wp\/v2\/product_cat?post=67820"},{"taxonomy":"product_tag","embeddable":true,"href":"https:\/\/www.retro-games.hu\/index.php\/wp-json\/wp\/v2\/product_tag?post=67820"}],"curies":[{"name":"wp","href":"https:\/\/api.w.org\/{rel}","templated":true}]}}