{"id":67964,"date":"2026-02-03T12:22:38","date_gmt":"2026-02-03T12:22:38","guid":{"rendered":"https:\/\/www.retro-games.hu\/index.php\/termek\/lost-planet-extreme-condition-colonies-edition\/"},"modified":"2026-02-03T12:22:51","modified_gmt":"2026-02-03T12:22:51","slug":"lost-planet-extreme-condition-colonies-edition","status":"publish","type":"product","link":"https:\/\/www.retro-games.hu\/index.php\/termek\/lost-planet-extreme-condition-colonies-edition\/","title":{"rendered":"Lost Planet: Extreme Condition (Colonies Edition)"},"content":{"rendered":"<p>Bels\u0151 n\u00e9zetes l\u00f6v\u00f6ld\u00f6z\u0151s j\u00e1t\u00e9k (FPS). Kiad\u00e1s \u00e9ve: 2008. Platform: Windows Vista\/XP. Kivitel: vastag dvd tokos k\u00fcls\u0151 pap\u00edrtokkal, Gy\u00e9m\u00e1nt kiad\u00e1s, magyar feliratos bor\u00edt\u00f3, magyar nyelv\u0171 pap\u00edrk\u00e9zik\u00f6nyv, magyar nyelv\u0171 sz\u00ednes illusztr\u00e1lt \u00fatmutat\u00f3, eredeti 2 dvd, magyar feliratos \u00e9s angol, jap\u00e1n, francia, koreai, lengyel, n\u00e9met, olasz, spanyol, orosz j\u00e1t\u00e9k. DVD-k \u00e1llapota: karcmentes, \u00fajnak t\u0171nik. A Colonies Edition extr\u00e1i: 3 \u00faj egyj\u00e1t\u00e9kos k\u00fcldet\u00e9s, 10 \u00faj fegyver, 5 \u00faj j\u00e1tszhat\u00f3 karakter, 20 t\u00f6bbj\u00e1t\u00e9kos p\u00e1lya, 7 \u00faj t\u00f6bbj\u00e1t\u00e9kos m\u00f3d.<\/p>\n","protected":false},"excerpt":{"rendered":"<p>Bels\u0151 n\u00e9zetes l\u00f6v\u00f6ld\u00f6z\u0151s j\u00e1t\u00e9k (FPS). Kiad\u00e1s \u00e9ve: 2008. Platform: Windows Vista\/XP. Kivitel: vastag dvd tokos k\u00fcls\u0151 pap\u00edrtokkal, Gy\u00e9m\u00e1nt kiad\u00e1s, magyar feliratos bor\u00edt\u00f3, magyar nyelv\u0171 pap\u00edrk\u00e9zik\u00f6nyv, magyar nyelv\u0171 sz\u00ednes illusztr\u00e1lt \u00fatmutat\u00f3, eredeti 2 dvd, magyar feliratos \u00e9s angol, jap\u00e1n, francia, koreai, lengyel, n\u00e9met, olasz, spanyol, orosz j\u00e1t\u00e9k. DVD-k \u00e1llapota: karcmentes, \u00fajnak t\u0171nik. A Colonies Edition extr\u00e1i: [&hellip;]<\/p>\n","protected":false},"featured_media":67963,"comment_status":"open","ping_status":"closed","template":"","meta":{"_et_pb_use_builder":"","_et_pb_old_content":"","_et_gb_content_width":""},"product_brand":[],"product_cat":[21,22,155],"product_tag":[],"class_list":{"0":"post-67964","1":"product","2":"type-product","3":"status-publish","4":"has-post-thumbnail","6":"product_cat-akcio","7":"product_cat-belso-nezetes-lovoldozos-fps","8":"product_cat-jatekok","9":"pa_allapot-hasznalt","10":"pa_kivitel-vastag-dvd-tokos","11":"pa_nyelv-angol","12":"pa_nyelv-francia","13":"pa_nyelv-japan","14":"pa_nyelv-koreai","15":"pa_nyelv-lengyel","16":"pa_nyelv-magyar-feliratos","17":"pa_nyelv-nemet","18":"pa_nyelv-olasz","19":"pa_nyelv-orosz","20":"pa_nyelv-spanyol","21":"pa_platform-pc-windows-vista","22":"pa_platform-pc_windows","24":"first","25":"instock","26":"shipping-taxable","27":"purchasable","28":"product-type-simple"},"_links":{"self":[{"href":"https:\/\/www.retro-games.hu\/index.php\/wp-json\/wp\/v2\/product\/67964","targetHints":{"allow":["GET"]}}],"collection":[{"href":"https:\/\/www.retro-games.hu\/index.php\/wp-json\/wp\/v2\/product"}],"about":[{"href":"https:\/\/www.retro-games.hu\/index.php\/wp-json\/wp\/v2\/types\/product"}],"replies":[{"embeddable":true,"href":"https:\/\/www.retro-games.hu\/index.php\/wp-json\/wp\/v2\/comments?post=67964"}],"wp:featuredmedia":[{"embeddable":true,"href":"https:\/\/www.retro-games.hu\/index.php\/wp-json\/wp\/v2\/media\/67963"}],"wp:attachment":[{"href":"https:\/\/www.retro-games.hu\/index.php\/wp-json\/wp\/v2\/media?parent=67964"}],"wp:term":[{"taxonomy":"product_brand","embeddable":true,"href":"https:\/\/www.retro-games.hu\/index.php\/wp-json\/wp\/v2\/product_brand?post=67964"},{"taxonomy":"product_cat","embeddable":true,"href":"https:\/\/www.retro-games.hu\/index.php\/wp-json\/wp\/v2\/product_cat?post=67964"},{"taxonomy":"product_tag","embeddable":true,"href":"https:\/\/www.retro-games.hu\/index.php\/wp-json\/wp\/v2\/product_tag?post=67964"}],"curies":[{"name":"wp","href":"https:\/\/api.w.org\/{rel}","templated":true}]}}