{"id":68035,"date":"2026-02-03T15:55:29","date_gmt":"2026-02-03T15:55:29","guid":{"rendered":"https:\/\/www.retro-games.hu\/index.php\/termek\/x3-reunion-nemet\/"},"modified":"2026-02-03T15:55:40","modified_gmt":"2026-02-03T15:55:40","slug":"x3-reunion-nemet","status":"publish","type":"product","link":"https:\/\/www.retro-games.hu\/index.php\/termek\/x3-reunion-nemet\/","title":{"rendered":"X3: Reunion (n\u00e9met)"},"content":{"rendered":"<p>\u0170rbeli keresked\u0151s szimul\u00e1tor j\u00e1t\u00e9k. Kiad\u00e1s \u00e9ve: 2005. Platform: Windows 98SE\/ME\/2000\/XP. Kivitel: mini pap\u00edrdobozos, els\u0151 kiad\u00e1s, n\u00e9met feliratos bor\u00edt\u00f3, n\u00e9met nyelv\u0171 pap\u00edrk\u00e9zik\u00f6nyv, poszter, eredeti DVD, n\u00e9met nyelv\u0171 j\u00e1t\u00e9k. DVD \u00e1llapota: karcmentes, \u00fajnak t\u0171nik<\/p>\n","protected":false},"excerpt":{"rendered":"<p>\u0170rbeli keresked\u0151s szimul\u00e1tor j\u00e1t\u00e9k. Kiad\u00e1s \u00e9ve: 2005. Platform: Windows 98SE\/ME\/2000\/XP. Kivitel: mini pap\u00edrdobozos, els\u0151 kiad\u00e1s, n\u00e9met feliratos bor\u00edt\u00f3, n\u00e9met nyelv\u0171 pap\u00edrk\u00e9zik\u00f6nyv, poszter, eredeti DVD, n\u00e9met nyelv\u0171 j\u00e1t\u00e9k. DVD \u00e1llapota: karcmentes, \u00fajnak t\u0171nik<\/p>\n","protected":false},"featured_media":68034,"comment_status":"open","ping_status":"closed","template":"","meta":{"_et_pb_use_builder":"","_et_pb_old_content":"","_et_gb_content_width":""},"product_brand":[],"product_cat":[155,8,148],"product_tag":[],"class_list":{"0":"post-68035","1":"product","2":"type-product","3":"status-publish","4":"has-post-thumbnail","6":"product_cat-jatekok","7":"product_cat-szimulator","8":"product_cat-urbeli-kereskedos","9":"pa_allapot-hasznalt","10":"pa_kivitel-papirdobozos","11":"pa_nyelv-nemet","12":"pa_platform-pc-windows-2000","13":"pa_platform-pc-windows-98se-2","14":"pa_platform-pc-windows-me","15":"pa_platform-pc_windows","17":"first","18":"instock","19":"shipping-taxable","20":"purchasable","21":"product-type-simple"},"_links":{"self":[{"href":"https:\/\/www.retro-games.hu\/index.php\/wp-json\/wp\/v2\/product\/68035","targetHints":{"allow":["GET"]}}],"collection":[{"href":"https:\/\/www.retro-games.hu\/index.php\/wp-json\/wp\/v2\/product"}],"about":[{"href":"https:\/\/www.retro-games.hu\/index.php\/wp-json\/wp\/v2\/types\/product"}],"replies":[{"embeddable":true,"href":"https:\/\/www.retro-games.hu\/index.php\/wp-json\/wp\/v2\/comments?post=68035"}],"wp:featuredmedia":[{"embeddable":true,"href":"https:\/\/www.retro-games.hu\/index.php\/wp-json\/wp\/v2\/media\/68034"}],"wp:attachment":[{"href":"https:\/\/www.retro-games.hu\/index.php\/wp-json\/wp\/v2\/media?parent=68035"}],"wp:term":[{"taxonomy":"product_brand","embeddable":true,"href":"https:\/\/www.retro-games.hu\/index.php\/wp-json\/wp\/v2\/product_brand?post=68035"},{"taxonomy":"product_cat","embeddable":true,"href":"https:\/\/www.retro-games.hu\/index.php\/wp-json\/wp\/v2\/product_cat?post=68035"},{"taxonomy":"product_tag","embeddable":true,"href":"https:\/\/www.retro-games.hu\/index.php\/wp-json\/wp\/v2\/product_tag?post=68035"}],"curies":[{"name":"wp","href":"https:\/\/api.w.org\/{rel}","templated":true}]}}