{"id":68250,"date":"2026-02-03T16:07:04","date_gmt":"2026-02-03T16:07:04","guid":{"rendered":"https:\/\/www.retro-games.hu\/index.php\/termek\/fifa-manager-08\/"},"modified":"2026-04-16T15:55:11","modified_gmt":"2026-04-16T15:55:11","slug":"fifa-manager-08","status":"publish","type":"product","link":"https:\/\/www.retro-games.hu\/index.php\/termek\/fifa-manager-08\/","title":{"rendered":"FIFA Manager 08"},"content":{"rendered":"<p>Futball menedzsment j\u00e1t\u00e9k. Kiad\u00e1s \u00e9ve: 2007. Platform: Windows 2000\/XP\/Vista. Kivitel: ut\u00e1ntokos, els\u0151 kiad\u00e1s, magyar feliratos bor\u00edt\u00f3, eredeti dvd, angol, francia, olasz, n\u00e9met, spanyol, lengyel nyelv\u0171 j\u00e1t\u00e9k. DVD \u00e1llapota: enyh\u00e9n-k\u00f6zepesen karcos (hajsz\u00e1lkarcok), tesztelt, m\u0171k\u00f6dik<\/p>\n","protected":false},"excerpt":{"rendered":"<p>Futball menedzsment j\u00e1t\u00e9k. Kiad\u00e1s \u00e9ve: 2007. Platform: Windows 2000\/XP\/Vista. Kivitel: ut\u00e1ntokos, els\u0151 kiad\u00e1s, magyar feliratos bor\u00edt\u00f3, eredeti dvd, angol, francia, olasz, n\u00e9met, spanyol, lengyel nyelv\u0171 j\u00e1t\u00e9k. DVD \u00e1llapota: enyh\u00e9n-k\u00f6zepesen karcos (hajsz\u00e1lkarcok), tesztelt, m\u0171k\u00f6dik<\/p>\n","protected":false},"featured_media":68249,"comment_status":"open","ping_status":"closed","template":"","meta":{"_et_pb_use_builder":"","_et_pb_old_content":"","_et_gb_content_width":""},"product_brand":[],"product_cat":[155,8,81],"product_tag":[],"class_list":{"0":"post-68250","1":"product","2":"type-product","3":"status-publish","4":"has-post-thumbnail","6":"product_cat-jatekok","7":"product_cat-szimulator","8":"product_cat-uzlet-menedzsment","9":"pa_allapot-hasznalt","10":"pa_kivitel-dvd-tokos","11":"pa_nyelv-angol","12":"pa_nyelv-francia","13":"pa_nyelv-lengyel","14":"pa_nyelv-nemet","15":"pa_nyelv-olasz","16":"pa_nyelv-spanyol","17":"pa_platform-pc-windows-2000","18":"pa_platform-pc-windows-vista","19":"pa_platform-pc_windows","21":"first","22":"instock","23":"shipping-taxable","24":"purchasable","25":"product-type-simple"},"_links":{"self":[{"href":"https:\/\/www.retro-games.hu\/index.php\/wp-json\/wp\/v2\/product\/68250","targetHints":{"allow":["GET"]}}],"collection":[{"href":"https:\/\/www.retro-games.hu\/index.php\/wp-json\/wp\/v2\/product"}],"about":[{"href":"https:\/\/www.retro-games.hu\/index.php\/wp-json\/wp\/v2\/types\/product"}],"replies":[{"embeddable":true,"href":"https:\/\/www.retro-games.hu\/index.php\/wp-json\/wp\/v2\/comments?post=68250"}],"wp:featuredmedia":[{"embeddable":true,"href":"https:\/\/www.retro-games.hu\/index.php\/wp-json\/wp\/v2\/media\/68249"}],"wp:attachment":[{"href":"https:\/\/www.retro-games.hu\/index.php\/wp-json\/wp\/v2\/media?parent=68250"}],"wp:term":[{"taxonomy":"product_brand","embeddable":true,"href":"https:\/\/www.retro-games.hu\/index.php\/wp-json\/wp\/v2\/product_brand?post=68250"},{"taxonomy":"product_cat","embeddable":true,"href":"https:\/\/www.retro-games.hu\/index.php\/wp-json\/wp\/v2\/product_cat?post=68250"},{"taxonomy":"product_tag","embeddable":true,"href":"https:\/\/www.retro-games.hu\/index.php\/wp-json\/wp\/v2\/product_tag?post=68250"}],"curies":[{"name":"wp","href":"https:\/\/api.w.org\/{rel}","templated":true}]}}