{"id":68498,"date":"2026-02-03T16:22:13","date_gmt":"2026-02-03T16:22:13","guid":{"rendered":"https:\/\/www.retro-games.hu\/index.php\/termek\/international-superstar-soccer-2\/"},"modified":"2026-02-03T16:22:23","modified_gmt":"2026-02-03T16:22:23","slug":"international-superstar-soccer-2","status":"publish","type":"product","link":"https:\/\/www.retro-games.hu\/index.php\/termek\/international-superstar-soccer-2\/","title":{"rendered":"International Superstar Soccer 2"},"content":{"rendered":"<p>platform: Nintendo Gamecube; r\u00e9gi\u00f3k\u00f3d: PAL; k\u00f3d: DL-DOL-GJ2P-EUR, els\u0151 kiad\u00e1s, angol\/spanyol feliratos bor\u00edt\u00f3, angol\/spanyol nyelv\u0171 pap\u00edrk\u00e9zik\u00f6nyv, eredeti cd, angol\/n\u00e9met\/francia\/spanyol\/olasz nyelv\u0171 j\u00e1t\u00e9k; a cd alig haszn\u00e1lt, tesztelt, m\u0171k\u00f6dik<\/p>\n","protected":false},"excerpt":{"rendered":"<p>platform: Nintendo Gamecube; r\u00e9gi\u00f3k\u00f3d: PAL; k\u00f3d: DL-DOL-GJ2P-EUR, els\u0151 kiad\u00e1s, angol\/spanyol feliratos bor\u00edt\u00f3, angol\/spanyol nyelv\u0171 pap\u00edrk\u00e9zik\u00f6nyv, eredeti cd, angol\/n\u00e9met\/francia\/spanyol\/olasz nyelv\u0171 j\u00e1t\u00e9k; a cd alig haszn\u00e1lt, tesztelt, m\u0171k\u00f6dik<\/p>\n","protected":false},"featured_media":68497,"comment_status":"open","ping_status":"closed","template":"","meta":{"_et_pb_use_builder":"","_et_pb_old_content":"","_et_gb_content_width":""},"product_brand":[],"product_cat":[41,155,40],"product_tag":[],"class_list":{"0":"post-68498","1":"product","2":"type-product","3":"status-publish","4":"has-post-thumbnail","6":"product_cat-futball","7":"product_cat-jatekok","8":"product_cat-sportjatek","9":"pa_allapot-hasznalt","10":"pa_kivitel-dvd-tokos","11":"pa_nyelv-angol","12":"pa_nyelv-francia","13":"pa_nyelv-nemet","14":"pa_nyelv-olasz","15":"pa_nyelv-spanyol","16":"pa_platform-nintendo-gamecube","18":"first","19":"instock","20":"shipping-taxable","21":"purchasable","22":"product-type-simple"},"_links":{"self":[{"href":"https:\/\/www.retro-games.hu\/index.php\/wp-json\/wp\/v2\/product\/68498","targetHints":{"allow":["GET"]}}],"collection":[{"href":"https:\/\/www.retro-games.hu\/index.php\/wp-json\/wp\/v2\/product"}],"about":[{"href":"https:\/\/www.retro-games.hu\/index.php\/wp-json\/wp\/v2\/types\/product"}],"replies":[{"embeddable":true,"href":"https:\/\/www.retro-games.hu\/index.php\/wp-json\/wp\/v2\/comments?post=68498"}],"wp:featuredmedia":[{"embeddable":true,"href":"https:\/\/www.retro-games.hu\/index.php\/wp-json\/wp\/v2\/media\/68497"}],"wp:attachment":[{"href":"https:\/\/www.retro-games.hu\/index.php\/wp-json\/wp\/v2\/media?parent=68498"}],"wp:term":[{"taxonomy":"product_brand","embeddable":true,"href":"https:\/\/www.retro-games.hu\/index.php\/wp-json\/wp\/v2\/product_brand?post=68498"},{"taxonomy":"product_cat","embeddable":true,"href":"https:\/\/www.retro-games.hu\/index.php\/wp-json\/wp\/v2\/product_cat?post=68498"},{"taxonomy":"product_tag","embeddable":true,"href":"https:\/\/www.retro-games.hu\/index.php\/wp-json\/wp\/v2\/product_tag?post=68498"}],"curies":[{"name":"wp","href":"https:\/\/api.w.org\/{rel}","templated":true}]}}