{"id":68530,"date":"2026-02-03T16:24:08","date_gmt":"2026-02-03T16:24:08","guid":{"rendered":"https:\/\/www.retro-games.hu\/index.php\/termek\/f1-manager\/"},"modified":"2026-04-16T15:55:09","modified_gmt":"2026-04-16T15:55:09","slug":"f1-manager","status":"publish","type":"product","link":"https:\/\/www.retro-games.hu\/index.php\/termek\/f1-manager\/","title":{"rendered":"F1 Manager"},"content":{"rendered":"<p>Forma 1 menedzserj\u00e1t\u00e9k. Kiad\u00e1s \u00e9ve: 2000. Platform: Windows 95\/98. Kivitel: dvd tokos, EA Classics kiad\u00e1s, magyar feliratos bor\u00edt\u00f3, magyar nyelv\u0171 pap\u00edrk\u00e9zik\u00f6nyv, eredeti cd, angol\/francia nyelv\u0171 j\u00e1t\u00e9k. CD \u00e1llapota: karcmentes, \u00fajnak t\u0171nik<\/p>\n","protected":false},"excerpt":{"rendered":"<p>Forma 1 menedzserj\u00e1t\u00e9k. Kiad\u00e1s \u00e9ve: 2000. Platform: Windows 95\/98. Kivitel: dvd tokos, EA Classics kiad\u00e1s, magyar feliratos bor\u00edt\u00f3, magyar nyelv\u0171 pap\u00edrk\u00e9zik\u00f6nyv, eredeti cd, angol\/francia nyelv\u0171 j\u00e1t\u00e9k. CD \u00e1llapota: karcmentes, \u00fajnak t\u0171nik<\/p>\n","protected":false},"featured_media":68529,"comment_status":"open","ping_status":"closed","template":"","meta":{"_et_pb_use_builder":"","_et_pb_old_content":"","_et_gb_content_width":""},"product_brand":[],"product_cat":[155,8,81],"product_tag":[],"class_list":{"0":"post-68530","1":"product","2":"type-product","3":"status-publish","4":"has-post-thumbnail","6":"product_cat-jatekok","7":"product_cat-szimulator","8":"product_cat-uzlet-menedzsment","9":"pa_allapot-hasznalt","10":"pa_kivitel-dvd-tokos","11":"pa_nyelv-angol","12":"pa_nyelv-francia","13":"pa_platform-pc-windows-95","14":"pa_platform-pc-windows-98","16":"first","17":"instock","18":"shipping-taxable","19":"purchasable","20":"product-type-simple"},"_links":{"self":[{"href":"https:\/\/www.retro-games.hu\/index.php\/wp-json\/wp\/v2\/product\/68530","targetHints":{"allow":["GET"]}}],"collection":[{"href":"https:\/\/www.retro-games.hu\/index.php\/wp-json\/wp\/v2\/product"}],"about":[{"href":"https:\/\/www.retro-games.hu\/index.php\/wp-json\/wp\/v2\/types\/product"}],"replies":[{"embeddable":true,"href":"https:\/\/www.retro-games.hu\/index.php\/wp-json\/wp\/v2\/comments?post=68530"}],"wp:featuredmedia":[{"embeddable":true,"href":"https:\/\/www.retro-games.hu\/index.php\/wp-json\/wp\/v2\/media\/68529"}],"wp:attachment":[{"href":"https:\/\/www.retro-games.hu\/index.php\/wp-json\/wp\/v2\/media?parent=68530"}],"wp:term":[{"taxonomy":"product_brand","embeddable":true,"href":"https:\/\/www.retro-games.hu\/index.php\/wp-json\/wp\/v2\/product_brand?post=68530"},{"taxonomy":"product_cat","embeddable":true,"href":"https:\/\/www.retro-games.hu\/index.php\/wp-json\/wp\/v2\/product_cat?post=68530"},{"taxonomy":"product_tag","embeddable":true,"href":"https:\/\/www.retro-games.hu\/index.php\/wp-json\/wp\/v2\/product_tag?post=68530"}],"curies":[{"name":"wp","href":"https:\/\/api.w.org\/{rel}","templated":true}]}}