{"id":68534,"date":"2026-02-03T16:24:25","date_gmt":"2026-02-03T16:24:25","guid":{"rendered":"https:\/\/www.retro-games.hu\/index.php\/termek\/microsoft-train-simulator-london-and-south-east-kiegeszito\/"},"modified":"2026-04-16T15:55:12","modified_gmt":"2026-04-16T15:55:12","slug":"microsoft-train-simulator-london-and-south-east-kiegeszito","status":"publish","type":"product","link":"https:\/\/www.retro-games.hu\/index.php\/termek\/microsoft-train-simulator-london-and-south-east-kiegeszito\/","title":{"rendered":"Microsoft Train Simulator &#8211; London and South East kieg\u00e9sz\u00edt\u0151"},"content":{"rendered":"<p>Vas\u00fatszimul\u00e1tor. Kiad\u00e1s \u00e9ve: 2001. Platform: Windows 95\/98\/ME\/2000. Kivitel: dvd tokos, els\u0151 kiad\u00e1s, angol feliratos bor\u00edt\u00f3, angol nyelv\u0171 pap\u00edrk\u00e9zik\u00f6ny, eredeti cd, angol nyelv\u0171 kieg\u00e9sz\u00edt\u0151, a Microsoft Train Simulator alapj\u00e1t\u00e9k sz\u00fcks\u00e9ges hozz\u00e1. CD \u00e1llapota: karcmentes, \u00fajnak t\u0171nik<\/p>\n","protected":false},"excerpt":{"rendered":"<p>Vas\u00fatszimul\u00e1tor. Kiad\u00e1s \u00e9ve: 2001. Platform: Windows 95\/98\/ME\/2000. Kivitel: dvd tokos, els\u0151 kiad\u00e1s, angol feliratos bor\u00edt\u00f3, angol nyelv\u0171 pap\u00edrk\u00e9zik\u00f6ny, eredeti cd, angol nyelv\u0171 kieg\u00e9sz\u00edt\u0151, a Microsoft Train Simulator alapj\u00e1t\u00e9k sz\u00fcks\u00e9ges hozz\u00e1. CD \u00e1llapota: karcmentes, \u00fajnak t\u0171nik<\/p>\n","protected":false},"featured_media":68533,"comment_status":"open","ping_status":"closed","template":"","meta":{"_et_pb_use_builder":"","_et_pb_old_content":"","_et_gb_content_width":""},"product_brand":[],"product_cat":[155,8,243],"product_tag":[],"class_list":{"0":"post-68534","1":"product","2":"type-product","3":"status-publish","4":"has-post-thumbnail","6":"product_cat-jatekok","7":"product_cat-szimulator","8":"product_cat-vonat-vasut","9":"pa_allapot-hasznalt","10":"pa_kivitel-dvd-tokos","11":"pa_nyelv-angol","12":"pa_platform-pc-windows-2000","13":"pa_platform-pc-windows-95","14":"pa_platform-pc-windows-98","15":"pa_platform-pc-windows-me","17":"first","18":"instock","19":"shipping-taxable","20":"purchasable","21":"product-type-simple"},"_links":{"self":[{"href":"https:\/\/www.retro-games.hu\/index.php\/wp-json\/wp\/v2\/product\/68534","targetHints":{"allow":["GET"]}}],"collection":[{"href":"https:\/\/www.retro-games.hu\/index.php\/wp-json\/wp\/v2\/product"}],"about":[{"href":"https:\/\/www.retro-games.hu\/index.php\/wp-json\/wp\/v2\/types\/product"}],"replies":[{"embeddable":true,"href":"https:\/\/www.retro-games.hu\/index.php\/wp-json\/wp\/v2\/comments?post=68534"}],"wp:featuredmedia":[{"embeddable":true,"href":"https:\/\/www.retro-games.hu\/index.php\/wp-json\/wp\/v2\/media\/68533"}],"wp:attachment":[{"href":"https:\/\/www.retro-games.hu\/index.php\/wp-json\/wp\/v2\/media?parent=68534"}],"wp:term":[{"taxonomy":"product_brand","embeddable":true,"href":"https:\/\/www.retro-games.hu\/index.php\/wp-json\/wp\/v2\/product_brand?post=68534"},{"taxonomy":"product_cat","embeddable":true,"href":"https:\/\/www.retro-games.hu\/index.php\/wp-json\/wp\/v2\/product_cat?post=68534"},{"taxonomy":"product_tag","embeddable":true,"href":"https:\/\/www.retro-games.hu\/index.php\/wp-json\/wp\/v2\/product_tag?post=68534"}],"curies":[{"name":"wp","href":"https:\/\/api.w.org\/{rel}","templated":true}]}}