{"id":68621,"date":"2026-03-05T13:31:48","date_gmt":"2026-03-05T13:31:48","guid":{"rendered":"https:\/\/www.retro-games.hu\/index.php\/termek\/battlefield-1942-world-war-ii-anthology-2\/"},"modified":"2026-03-05T13:31:59","modified_gmt":"2026-03-05T13:31:59","slug":"battlefield-1942-world-war-ii-anthology-2","status":"publish","type":"product","link":"https:\/\/www.retro-games.hu\/index.php\/termek\/battlefield-1942-world-war-ii-anthology-2\/","title":{"rendered":"Battlefield 1942 World War II Anthology"},"content":{"rendered":"<p>Bels\u0151 n\u00e9zetes l\u00f6v\u00f6ld\u00f6z\u0151s j\u00e1t\u00e9k (FPS). Kiad\u00e1s \u00e9ve: 2004. Platform: Windows 98\/ME\/2000\/XP. Kivitel: vastag dvd tokos, ut\u00e1nkiad\u00e1s, magyar\/lengyel\/cseh feliratos bor\u00edt\u00f3, magyar\/lengyel\/cseh nyelv\u0171 pap\u00edrk\u00e9zik\u00f6nyv, eredeti 4 cd, angol \u00e9s n\u00e9met, francia, olasz, spanyol, jap\u00e1n, koreai, k\u00ednai nyelv\u0171 j\u00e1t\u00e9k. A kiad\u00e1s tartalmazza a Battlefield 1942 alapj\u00e1t\u00e9kot, a The Road to Rome \u00e9s a Secret Weapons of WWII kieg\u00e9sz\u00edt\u0151 lemezeket. 2002 Game Of The Year kiad\u00e1s! CD-k \u00e1llapota: enyh\u00e9n karcos (hajsz\u00e1lkarcok), tesztelt, m\u0171k\u00f6dik. Telep\u00edt\u0151k\u00f3d megvan, val\u00f3sz\u00edn\u0171leg el lett haszn\u00e1lva internetes multiplayerre, offline j\u00e1t\u00e9kra alkalmas biztosan.<\/p>\n","protected":false},"excerpt":{"rendered":"<p>Bels\u0151 n\u00e9zetes l\u00f6v\u00f6ld\u00f6z\u0151s j\u00e1t\u00e9k (FPS). Kiad\u00e1s \u00e9ve: 2004. Platform: Windows 98\/ME\/2000\/XP. Kivitel: vastag dvd tokos, ut\u00e1nkiad\u00e1s, magyar\/lengyel\/cseh feliratos bor\u00edt\u00f3, magyar\/lengyel\/cseh nyelv\u0171 pap\u00edrk\u00e9zik\u00f6nyv, eredeti 4 cd, angol \u00e9s n\u00e9met, francia, olasz, spanyol, jap\u00e1n, koreai, k\u00ednai nyelv\u0171 j\u00e1t\u00e9k. A kiad\u00e1s tartalmazza a Battlefield 1942 alapj\u00e1t\u00e9kot, a The Road to Rome \u00e9s a Secret Weapons of WWII kieg\u00e9sz\u00edt\u0151 [&hellip;]<\/p>\n","protected":false},"featured_media":68620,"comment_status":"open","ping_status":"closed","template":"","meta":{"_et_pb_use_builder":"","_et_pb_old_content":"","_et_gb_content_width":""},"product_brand":[],"product_cat":[21,22,155],"product_tag":[],"class_list":{"0":"post-68621","1":"product","2":"type-product","3":"status-publish","4":"has-post-thumbnail","6":"product_cat-akcio","7":"product_cat-belso-nezetes-lovoldozos-fps","8":"product_cat-jatekok","9":"pa_allapot-hasznalt","10":"pa_kivitel-vastag-dvd-tokos","11":"pa_nyelv-angol","12":"pa_nyelv-francia","13":"pa_nyelv-japan","14":"pa_nyelv-kinai","15":"pa_nyelv-koreai","16":"pa_nyelv-nemet","17":"pa_nyelv-olasz","18":"pa_nyelv-spanyol","19":"pa_platform-pc-windows-2000","20":"pa_platform-pc-windows-98","21":"pa_platform-pc-windows-me","23":"first","24":"instock","25":"shipping-taxable","26":"purchasable","27":"product-type-simple"},"_links":{"self":[{"href":"https:\/\/www.retro-games.hu\/index.php\/wp-json\/wp\/v2\/product\/68621","targetHints":{"allow":["GET"]}}],"collection":[{"href":"https:\/\/www.retro-games.hu\/index.php\/wp-json\/wp\/v2\/product"}],"about":[{"href":"https:\/\/www.retro-games.hu\/index.php\/wp-json\/wp\/v2\/types\/product"}],"replies":[{"embeddable":true,"href":"https:\/\/www.retro-games.hu\/index.php\/wp-json\/wp\/v2\/comments?post=68621"}],"wp:featuredmedia":[{"embeddable":true,"href":"https:\/\/www.retro-games.hu\/index.php\/wp-json\/wp\/v2\/media\/68620"}],"wp:attachment":[{"href":"https:\/\/www.retro-games.hu\/index.php\/wp-json\/wp\/v2\/media?parent=68621"}],"wp:term":[{"taxonomy":"product_brand","embeddable":true,"href":"https:\/\/www.retro-games.hu\/index.php\/wp-json\/wp\/v2\/product_brand?post=68621"},{"taxonomy":"product_cat","embeddable":true,"href":"https:\/\/www.retro-games.hu\/index.php\/wp-json\/wp\/v2\/product_cat?post=68621"},{"taxonomy":"product_tag","embeddable":true,"href":"https:\/\/www.retro-games.hu\/index.php\/wp-json\/wp\/v2\/product_tag?post=68621"}],"curies":[{"name":"wp","href":"https:\/\/api.w.org\/{rel}","templated":true}]}}