{"id":68653,"date":"2026-03-05T13:33:40","date_gmt":"2026-03-05T13:33:40","guid":{"rendered":"https:\/\/www.retro-games.hu\/index.php\/termek\/aliens-versus-predator-gold-edition-millenium-is\/"},"modified":"2026-03-05T13:33:50","modified_gmt":"2026-03-05T13:33:50","slug":"aliens-versus-predator-gold-edition-millenium-is","status":"publish","type":"product","link":"https:\/\/www.retro-games.hu\/index.php\/termek\/aliens-versus-predator-gold-edition-millenium-is\/","title":{"rendered":"Aliens Versus Predator Gold Edition (Millenium is)"},"content":{"rendered":"<p>Bels\u0151 n\u00e9zetes l\u00f6v\u00f6ld\u00f6z\u0151s j\u00e1t\u00e9k (FPS). Kiad\u00e1s \u00e9ve: 2000. Platform: Windows 95\/98. Kivitel: dvd tokos, Bestseller kiad\u00e1s, magyar feliratos bor\u00edt\u00f3, eredeti 2cd, angol, francia, holland, n\u00e9met, spanyol nyelv\u0171 j\u00e1t\u00e9k. Ez a kiad\u00e1s tartalmazza az Aliens Versus Predator alapj\u00e1t\u00e9kot \u00e9s a Millenium kieg\u00e9sz\u00edt\u0151 lemezt. CD-k \u00e1llapota: enyh\u00e9n karcos (hajsz\u00e1lkarcok), tesztelt, m\u0171k\u00f6dik<\/p>\n","protected":false},"excerpt":{"rendered":"<p>Bels\u0151 n\u00e9zetes l\u00f6v\u00f6ld\u00f6z\u0151s j\u00e1t\u00e9k (FPS). Kiad\u00e1s \u00e9ve: 2000. Platform: Windows 95\/98. Kivitel: dvd tokos, Bestseller kiad\u00e1s, magyar feliratos bor\u00edt\u00f3, eredeti 2cd, angol, francia, holland, n\u00e9met, spanyol nyelv\u0171 j\u00e1t\u00e9k. Ez a kiad\u00e1s tartalmazza az Aliens Versus Predator alapj\u00e1t\u00e9kot \u00e9s a Millenium kieg\u00e9sz\u00edt\u0151 lemezt. CD-k \u00e1llapota: enyh\u00e9n karcos (hajsz\u00e1lkarcok), tesztelt, m\u0171k\u00f6dik<\/p>\n","protected":false},"featured_media":68652,"comment_status":"open","ping_status":"closed","template":"","meta":{"_et_pb_use_builder":"","_et_pb_old_content":"","_et_gb_content_width":""},"product_brand":[],"product_cat":[21,22,155],"product_tag":[],"class_list":{"0":"post-68653","1":"product","2":"type-product","3":"status-publish","4":"has-post-thumbnail","6":"product_cat-akcio","7":"product_cat-belso-nezetes-lovoldozos-fps","8":"product_cat-jatekok","9":"pa_allapot-hasznalt","10":"pa_kivitel-dvd-tokos","11":"pa_nyelv-angol","12":"pa_nyelv-francia","13":"pa_nyelv-holland","14":"pa_nyelv-nemet","15":"pa_nyelv-spanyol","16":"pa_platform-pc-windows-95","17":"pa_platform-pc-windows-98","19":"first","20":"instock","21":"shipping-taxable","22":"purchasable","23":"product-type-simple"},"_links":{"self":[{"href":"https:\/\/www.retro-games.hu\/index.php\/wp-json\/wp\/v2\/product\/68653","targetHints":{"allow":["GET"]}}],"collection":[{"href":"https:\/\/www.retro-games.hu\/index.php\/wp-json\/wp\/v2\/product"}],"about":[{"href":"https:\/\/www.retro-games.hu\/index.php\/wp-json\/wp\/v2\/types\/product"}],"replies":[{"embeddable":true,"href":"https:\/\/www.retro-games.hu\/index.php\/wp-json\/wp\/v2\/comments?post=68653"}],"wp:featuredmedia":[{"embeddable":true,"href":"https:\/\/www.retro-games.hu\/index.php\/wp-json\/wp\/v2\/media\/68652"}],"wp:attachment":[{"href":"https:\/\/www.retro-games.hu\/index.php\/wp-json\/wp\/v2\/media?parent=68653"}],"wp:term":[{"taxonomy":"product_brand","embeddable":true,"href":"https:\/\/www.retro-games.hu\/index.php\/wp-json\/wp\/v2\/product_brand?post=68653"},{"taxonomy":"product_cat","embeddable":true,"href":"https:\/\/www.retro-games.hu\/index.php\/wp-json\/wp\/v2\/product_cat?post=68653"},{"taxonomy":"product_tag","embeddable":true,"href":"https:\/\/www.retro-games.hu\/index.php\/wp-json\/wp\/v2\/product_tag?post=68653"}],"curies":[{"name":"wp","href":"https:\/\/api.w.org\/{rel}","templated":true}]}}