{"id":68681,"date":"2026-03-05T13:35:20","date_gmt":"2026-03-05T13:35:20","guid":{"rendered":"https:\/\/www.retro-games.hu\/index.php\/termek\/clever-a-tudosproba\/"},"modified":"2026-03-05T13:35:31","modified_gmt":"2026-03-05T13:35:31","slug":"clever-a-tudosproba","status":"publish","type":"product","link":"https:\/\/www.retro-games.hu\/index.php\/termek\/clever-a-tudosproba\/","title":{"rendered":"Clever! A Tud\u00f3spr\u00f3ba"},"content":{"rendered":"<p>Logikai j\u00e1t\u00e9k. Kiad\u00e1s \u00e9ve: 2008. Platform: Windows 98\/ME\/2000\/XP. Kivitel: dvd tokos, els\u0151 kiad\u00e1s, magyar feliratos bor\u00edt\u00f3, magyar\/cseh\/szlov\u00e1k\/rom\u00e1n\/lengyel nyelv\u0171 pap\u00edrk\u00e9zik\u00f6nyv, eredeti cd, magyar feliratos \u00e9s cseh, szlov\u00e1k, rom\u00e1n, lengyel nyelv\u0171 j\u00e1t\u00e9k. CD \u00e1llapota: karcmentes, \u00fajnak t\u0171nik<\/p>\n","protected":false},"excerpt":{"rendered":"<p>Logikai j\u00e1t\u00e9k. Kiad\u00e1s \u00e9ve: 2008. Platform: Windows 98\/ME\/2000\/XP. Kivitel: dvd tokos, els\u0151 kiad\u00e1s, magyar feliratos bor\u00edt\u00f3, magyar\/cseh\/szlov\u00e1k\/rom\u00e1n\/lengyel nyelv\u0171 pap\u00edrk\u00e9zik\u00f6nyv, eredeti cd, magyar feliratos \u00e9s cseh, szlov\u00e1k, rom\u00e1n, lengyel nyelv\u0171 j\u00e1t\u00e9k. CD \u00e1llapota: karcmentes, \u00fajnak t\u0171nik<\/p>\n","protected":false},"featured_media":68680,"comment_status":"open","ping_status":"closed","template":"","meta":{"_et_pb_use_builder":"","_et_pb_old_content":"","_et_gb_content_width":""},"product_brand":[],"product_cat":[45,295,155],"product_tag":[],"class_list":{"0":"post-68681","1":"product","2":"type-product","3":"status-publish","4":"has-post-thumbnail","6":"product_cat-egyeb","7":"product_cat-logikai","8":"product_cat-jatekok","9":"pa_allapot-hasznalt","10":"pa_kivitel-dvd-tokos","11":"pa_nyelv-cseh","12":"pa_nyelv-lengyel","13":"pa_nyelv-magyar-feliratos","14":"pa_nyelv-roman","15":"pa_nyelv-szlovak","16":"pa_platform-pc-windows-2000","17":"pa_platform-pc-windows-98","18":"pa_platform-pc-windows-me","19":"pa_platform-pc_windows","21":"first","22":"instock","23":"shipping-taxable","24":"purchasable","25":"product-type-simple"},"_links":{"self":[{"href":"https:\/\/www.retro-games.hu\/index.php\/wp-json\/wp\/v2\/product\/68681","targetHints":{"allow":["GET"]}}],"collection":[{"href":"https:\/\/www.retro-games.hu\/index.php\/wp-json\/wp\/v2\/product"}],"about":[{"href":"https:\/\/www.retro-games.hu\/index.php\/wp-json\/wp\/v2\/types\/product"}],"replies":[{"embeddable":true,"href":"https:\/\/www.retro-games.hu\/index.php\/wp-json\/wp\/v2\/comments?post=68681"}],"wp:featuredmedia":[{"embeddable":true,"href":"https:\/\/www.retro-games.hu\/index.php\/wp-json\/wp\/v2\/media\/68680"}],"wp:attachment":[{"href":"https:\/\/www.retro-games.hu\/index.php\/wp-json\/wp\/v2\/media?parent=68681"}],"wp:term":[{"taxonomy":"product_brand","embeddable":true,"href":"https:\/\/www.retro-games.hu\/index.php\/wp-json\/wp\/v2\/product_brand?post=68681"},{"taxonomy":"product_cat","embeddable":true,"href":"https:\/\/www.retro-games.hu\/index.php\/wp-json\/wp\/v2\/product_cat?post=68681"},{"taxonomy":"product_tag","embeddable":true,"href":"https:\/\/www.retro-games.hu\/index.php\/wp-json\/wp\/v2\/product_tag?post=68681"}],"curies":[{"name":"wp","href":"https:\/\/api.w.org\/{rel}","templated":true}]}}