{"id":68737,"date":"2026-03-05T13:38:42","date_gmt":"2026-03-05T13:38:42","guid":{"rendered":"https:\/\/www.retro-games.hu\/index.php\/termek\/hitman-2-silent-assassin\/"},"modified":"2026-03-05T13:38:52","modified_gmt":"2026-03-05T13:38:52","slug":"hitman-2-silent-assassin","status":"publish","type":"product","link":"https:\/\/www.retro-games.hu\/index.php\/termek\/hitman-2-silent-assassin\/","title":{"rendered":"Hitman 2: Silent Assassin"},"content":{"rendered":"<p>K\u00fcls\u0151 n\u00e9zetes lopakod\u00f3s j\u00e1t\u00e9k. Kiad\u00e1s \u00e9ve: 2002. Platform: Windows 98\/ME\/XP. Kivitel: dvd tokos, EVM ut\u00e1nkiad\u00e1s, magyar feliratos bor\u00edt\u00f3, r\u00f6vid magyar nyelv\u0171 ismertet\u0151, eredeti cd, angol nyelv\u0171 j\u00e1t\u00e9k. CD \u00e1llapota: karcmentes, \u00fajnak t\u0171nik<\/p>\n","protected":false},"excerpt":{"rendered":"<p>K\u00fcls\u0151 n\u00e9zetes lopakod\u00f3s j\u00e1t\u00e9k. Kiad\u00e1s \u00e9ve: 2002. Platform: Windows 98\/ME\/XP. Kivitel: dvd tokos, EVM ut\u00e1nkiad\u00e1s, magyar feliratos bor\u00edt\u00f3, r\u00f6vid magyar nyelv\u0171 ismertet\u0151, eredeti cd, angol nyelv\u0171 j\u00e1t\u00e9k. CD \u00e1llapota: karcmentes, \u00fajnak t\u0171nik<\/p>\n","protected":false},"featured_media":68736,"comment_status":"open","ping_status":"closed","template":"","meta":{"_et_pb_use_builder":"","_et_pb_old_content":"","_et_gb_content_width":""},"product_brand":[],"product_cat":[21,39,155],"product_tag":[],"class_list":{"0":"post-68737","1":"product","2":"type-product","3":"status-publish","4":"has-post-thumbnail","6":"product_cat-akcio","7":"product_cat-kulso-nezetu-lovoldozos","8":"product_cat-jatekok","9":"pa_allapot-hasznalt","10":"pa_kivitel-dvd-tokos","11":"pa_nyelv-angol","12":"pa_platform-pc-windows-98","13":"pa_platform-pc-windows-me","14":"pa_platform-pc_windows","16":"first","17":"instock","18":"shipping-taxable","19":"purchasable","20":"product-type-simple"},"_links":{"self":[{"href":"https:\/\/www.retro-games.hu\/index.php\/wp-json\/wp\/v2\/product\/68737","targetHints":{"allow":["GET"]}}],"collection":[{"href":"https:\/\/www.retro-games.hu\/index.php\/wp-json\/wp\/v2\/product"}],"about":[{"href":"https:\/\/www.retro-games.hu\/index.php\/wp-json\/wp\/v2\/types\/product"}],"replies":[{"embeddable":true,"href":"https:\/\/www.retro-games.hu\/index.php\/wp-json\/wp\/v2\/comments?post=68737"}],"wp:featuredmedia":[{"embeddable":true,"href":"https:\/\/www.retro-games.hu\/index.php\/wp-json\/wp\/v2\/media\/68736"}],"wp:attachment":[{"href":"https:\/\/www.retro-games.hu\/index.php\/wp-json\/wp\/v2\/media?parent=68737"}],"wp:term":[{"taxonomy":"product_brand","embeddable":true,"href":"https:\/\/www.retro-games.hu\/index.php\/wp-json\/wp\/v2\/product_brand?post=68737"},{"taxonomy":"product_cat","embeddable":true,"href":"https:\/\/www.retro-games.hu\/index.php\/wp-json\/wp\/v2\/product_cat?post=68737"},{"taxonomy":"product_tag","embeddable":true,"href":"https:\/\/www.retro-games.hu\/index.php\/wp-json\/wp\/v2\/product_tag?post=68737"}],"curies":[{"name":"wp","href":"https:\/\/api.w.org\/{rel}","templated":true}]}}