{"id":68757,"date":"2026-03-05T13:39:55","date_gmt":"2026-03-05T13:39:55","guid":{"rendered":"https:\/\/www.retro-games.hu\/index.php\/termek\/kao-the-kangaroo-round-2\/"},"modified":"2026-03-05T13:40:05","modified_gmt":"2026-03-05T13:40:05","slug":"kao-the-kangaroo-round-2","status":"publish","type":"product","link":"https:\/\/www.retro-games.hu\/index.php\/termek\/kao-the-kangaroo-round-2\/","title":{"rendered":"Kao the Kangaroo &#8211; Round 2"},"content":{"rendered":"<p>Platformj\u00e1t\u00e9k. Kiad\u00e1s \u00e9ve: 2003. Platform: Windows 95\/98\/98SE\/ME\/2000\/XP. Kivitel: dvd tokos, Mega Games kiad\u00e1s, magyar feliratos bor\u00edt\u00f3, eredeti dvd, angol \u00e9s francia, olasz, spanyol, n\u00e9met nyelv\u0171 j\u00e1t\u00e9k. DVD \u00e1llapota: karcmentes, \u00fajnak t\u0171nik.<\/p>\n","protected":false},"excerpt":{"rendered":"<p>Platformj\u00e1t\u00e9k. Kiad\u00e1s \u00e9ve: 2003. Platform: Windows 95\/98\/98SE\/ME\/2000\/XP. Kivitel: dvd tokos, Mega Games kiad\u00e1s, magyar feliratos bor\u00edt\u00f3, eredeti dvd, angol \u00e9s francia, olasz, spanyol, n\u00e9met nyelv\u0171 j\u00e1t\u00e9k. DVD \u00e1llapota: karcmentes, \u00fajnak t\u0171nik.<\/p>\n","protected":false},"featured_media":68756,"comment_status":"open","ping_status":"closed","template":"","meta":{"_et_pb_use_builder":"","_et_pb_old_content":"","_et_gb_content_width":""},"product_brand":[],"product_cat":[21,155,34],"product_tag":[],"class_list":{"0":"post-68757","1":"product","2":"type-product","3":"status-publish","4":"has-post-thumbnail","6":"product_cat-akcio","7":"product_cat-jatekok","8":"product_cat-platformjatek","9":"pa_allapot-hasznalt","10":"pa_kivitel-dvd-tokos","11":"pa_nyelv-angol","12":"pa_nyelv-francia","13":"pa_nyelv-nemet","14":"pa_nyelv-olasz","15":"pa_nyelv-spanyol","16":"pa_platform-pc-windows-2000","17":"pa_platform-pc-windows-95","18":"pa_platform-pc-windows-98","19":"pa_platform-pc-windows-98se-2","20":"pa_platform-pc-windows-me","21":"pa_platform-pc_windows","23":"first","24":"instock","25":"shipping-taxable","26":"purchasable","27":"product-type-simple"},"_links":{"self":[{"href":"https:\/\/www.retro-games.hu\/index.php\/wp-json\/wp\/v2\/product\/68757","targetHints":{"allow":["GET"]}}],"collection":[{"href":"https:\/\/www.retro-games.hu\/index.php\/wp-json\/wp\/v2\/product"}],"about":[{"href":"https:\/\/www.retro-games.hu\/index.php\/wp-json\/wp\/v2\/types\/product"}],"replies":[{"embeddable":true,"href":"https:\/\/www.retro-games.hu\/index.php\/wp-json\/wp\/v2\/comments?post=68757"}],"wp:featuredmedia":[{"embeddable":true,"href":"https:\/\/www.retro-games.hu\/index.php\/wp-json\/wp\/v2\/media\/68756"}],"wp:attachment":[{"href":"https:\/\/www.retro-games.hu\/index.php\/wp-json\/wp\/v2\/media?parent=68757"}],"wp:term":[{"taxonomy":"product_brand","embeddable":true,"href":"https:\/\/www.retro-games.hu\/index.php\/wp-json\/wp\/v2\/product_brand?post=68757"},{"taxonomy":"product_cat","embeddable":true,"href":"https:\/\/www.retro-games.hu\/index.php\/wp-json\/wp\/v2\/product_cat?post=68757"},{"taxonomy":"product_tag","embeddable":true,"href":"https:\/\/www.retro-games.hu\/index.php\/wp-json\/wp\/v2\/product_tag?post=68757"}],"curies":[{"name":"wp","href":"https:\/\/api.w.org\/{rel}","templated":true}]}}