{"id":68789,"date":"2026-03-05T13:41:49","date_gmt":"2026-03-05T13:41:49","guid":{"rendered":"https:\/\/www.retro-games.hu\/index.php\/termek\/moorhuhn-collection-x-heart-of-tibet-kart-2-the-good-the-egg-and-the-ugly\/"},"modified":"2026-03-05T13:42:00","modified_gmt":"2026-03-05T13:42:00","slug":"moorhuhn-collection-x-heart-of-tibet-kart-2-the-good-the-egg-and-the-ugly","status":"publish","type":"product","link":"https:\/\/www.retro-games.hu\/index.php\/termek\/moorhuhn-collection-x-heart-of-tibet-kart-2-the-good-the-egg-and-the-ugly\/","title":{"rendered":"Moorhuhn Collection (X, Heart of Tibet, Kart 2, The Good the egg and the ugly)"},"content":{"rendered":"<p>Akci\u00f3j\u00e1t\u00e9kok gy\u0171jtem\u00e9nye. Kiad\u00e1s \u00e9ve: 2007. Platform: Windows 98\/ME\/2000\/XP. Kivitel: dvd tokos, els\u0151 kiad\u00e1s, magyar feliratos bor\u00edt\u00f3, eredeti cd, magyar feliratos j\u00e1t\u00e9kok. CD \u00e1llapota: karcmentes, \u00fajnak t\u0171nik<\/p>\n","protected":false},"excerpt":{"rendered":"<p>Akci\u00f3j\u00e1t\u00e9kok gy\u0171jtem\u00e9nye. Kiad\u00e1s \u00e9ve: 2007. Platform: Windows 98\/ME\/2000\/XP. Kivitel: dvd tokos, els\u0151 kiad\u00e1s, magyar feliratos bor\u00edt\u00f3, eredeti cd, magyar feliratos j\u00e1t\u00e9kok. CD \u00e1llapota: karcmentes, \u00fajnak t\u0171nik<\/p>\n","protected":false},"featured_media":68788,"comment_status":"open","ping_status":"closed","template":"","meta":{"_et_pb_use_builder":"","_et_pb_old_content":"","_et_gb_content_width":""},"product_brand":[],"product_cat":[45,36,155],"product_tag":[],"class_list":{"0":"post-68789","1":"product","2":"type-product","3":"status-publish","4":"has-post-thumbnail","6":"product_cat-egyeb","7":"product_cat-osszeallitasok","8":"product_cat-jatekok","9":"pa_allapot-hasznalt","10":"pa_kivitel-dvd-tokos","11":"pa_nyelv-magyar-feliratos","12":"pa_platform-pc-windows-2000","13":"pa_platform-pc-windows-98","14":"pa_platform-pc-windows-me","15":"pa_platform-pc_windows","17":"first","18":"instock","19":"shipping-taxable","20":"purchasable","21":"product-type-simple"},"_links":{"self":[{"href":"https:\/\/www.retro-games.hu\/index.php\/wp-json\/wp\/v2\/product\/68789","targetHints":{"allow":["GET"]}}],"collection":[{"href":"https:\/\/www.retro-games.hu\/index.php\/wp-json\/wp\/v2\/product"}],"about":[{"href":"https:\/\/www.retro-games.hu\/index.php\/wp-json\/wp\/v2\/types\/product"}],"replies":[{"embeddable":true,"href":"https:\/\/www.retro-games.hu\/index.php\/wp-json\/wp\/v2\/comments?post=68789"}],"wp:featuredmedia":[{"embeddable":true,"href":"https:\/\/www.retro-games.hu\/index.php\/wp-json\/wp\/v2\/media\/68788"}],"wp:attachment":[{"href":"https:\/\/www.retro-games.hu\/index.php\/wp-json\/wp\/v2\/media?parent=68789"}],"wp:term":[{"taxonomy":"product_brand","embeddable":true,"href":"https:\/\/www.retro-games.hu\/index.php\/wp-json\/wp\/v2\/product_brand?post=68789"},{"taxonomy":"product_cat","embeddable":true,"href":"https:\/\/www.retro-games.hu\/index.php\/wp-json\/wp\/v2\/product_cat?post=68789"},{"taxonomy":"product_tag","embeddable":true,"href":"https:\/\/www.retro-games.hu\/index.php\/wp-json\/wp\/v2\/product_tag?post=68789"}],"curies":[{"name":"wp","href":"https:\/\/api.w.org\/{rel}","templated":true}]}}