{"id":68853,"date":"2026-03-05T13:45:38","date_gmt":"2026-03-05T13:45:38","guid":{"rendered":"https:\/\/www.retro-games.hu\/index.php\/termek\/stronghold-2\/"},"modified":"2026-03-05T13:45:48","modified_gmt":"2026-03-05T13:45:48","slug":"stronghold-2","status":"publish","type":"product","link":"https:\/\/www.retro-games.hu\/index.php\/termek\/stronghold-2\/","title":{"rendered":"Stronghold"},"content":{"rendered":"<p>V\u00e1ros\u00e9p\u00edt\u0151\/val\u00f3s idej\u0171 strat\u00e9giai j\u00e1t\u00e9k. Kiad\u00e1s \u00e9ve: 2001. Platform: Windows 95\/98\/ME\/2000\/XP. Kivitel: dvd tokos, EVM kiad\u00e1s, magyar feliratos bor\u00edt\u00f3, r\u00f6vid magyar nyelv\u0171 ismertet\u0151, eredeti cd, angol nyelv\u0171 j\u00e1t\u00e9k. CD \u00e1llapota: karcmnetes, \u00fajnak t\u0171nik<\/p>\n","protected":false},"excerpt":{"rendered":"<p>V\u00e1ros\u00e9p\u00edt\u0151\/val\u00f3s idej\u0171 strat\u00e9giai j\u00e1t\u00e9k. Kiad\u00e1s \u00e9ve: 2001. Platform: Windows 95\/98\/ME\/2000\/XP. Kivitel: dvd tokos, EVM kiad\u00e1s, magyar feliratos bor\u00edt\u00f3, r\u00f6vid magyar nyelv\u0171 ismertet\u0151, eredeti cd, angol nyelv\u0171 j\u00e1t\u00e9k. CD \u00e1llapota: karcmnetes, \u00fajnak t\u0171nik<\/p>\n","protected":false},"featured_media":68852,"comment_status":"open","ping_status":"closed","template":"","meta":{"_et_pb_use_builder":"","_et_pb_old_content":"","_et_gb_content_width":""},"product_brand":[],"product_cat":[155,43,47],"product_tag":[],"class_list":{"0":"post-68853","1":"product","2":"type-product","3":"status-publish","4":"has-post-thumbnail","6":"product_cat-jatekok","7":"product_cat-strategiai-jatek","8":"product_cat-valos-ideju-rts","9":"pa_allapot-hasznalt","10":"pa_kivitel-dvd-tokos","11":"pa_nyelv-angol","12":"pa_platform-pc-windows-2000","13":"pa_platform-pc-windows-95","14":"pa_platform-pc-windows-98","15":"pa_platform-pc-windows-me","16":"pa_platform-pc_windows","18":"first","19":"instock","20":"shipping-taxable","21":"purchasable","22":"product-type-simple"},"_links":{"self":[{"href":"https:\/\/www.retro-games.hu\/index.php\/wp-json\/wp\/v2\/product\/68853","targetHints":{"allow":["GET"]}}],"collection":[{"href":"https:\/\/www.retro-games.hu\/index.php\/wp-json\/wp\/v2\/product"}],"about":[{"href":"https:\/\/www.retro-games.hu\/index.php\/wp-json\/wp\/v2\/types\/product"}],"replies":[{"embeddable":true,"href":"https:\/\/www.retro-games.hu\/index.php\/wp-json\/wp\/v2\/comments?post=68853"}],"wp:featuredmedia":[{"embeddable":true,"href":"https:\/\/www.retro-games.hu\/index.php\/wp-json\/wp\/v2\/media\/68852"}],"wp:attachment":[{"href":"https:\/\/www.retro-games.hu\/index.php\/wp-json\/wp\/v2\/media?parent=68853"}],"wp:term":[{"taxonomy":"product_brand","embeddable":true,"href":"https:\/\/www.retro-games.hu\/index.php\/wp-json\/wp\/v2\/product_brand?post=68853"},{"taxonomy":"product_cat","embeddable":true,"href":"https:\/\/www.retro-games.hu\/index.php\/wp-json\/wp\/v2\/product_cat?post=68853"},{"taxonomy":"product_tag","embeddable":true,"href":"https:\/\/www.retro-games.hu\/index.php\/wp-json\/wp\/v2\/product_tag?post=68853"}],"curies":[{"name":"wp","href":"https:\/\/api.w.org\/{rel}","templated":true}]}}