{"id":69212,"date":"2026-04-20T11:28:24","date_gmt":"2026-04-20T11:28:24","guid":{"rendered":"https:\/\/www.retro-games.hu\/index.php\/termek\/diablo-ii-2-2\/"},"modified":"2026-04-20T11:28:34","modified_gmt":"2026-04-20T11:28:34","slug":"diablo-ii-2-2","status":"publish","type":"product","link":"https:\/\/www.retro-games.hu\/index.php\/termek\/diablo-ii-2-2\/","title":{"rendered":"Diablo II 2"},"content":{"rendered":"<p>Akci\u00f3-szerepj\u00e1t\u00e9k. Kiad\u00e1s \u00e9ve: 2000. Platform: Windows 95\/98\/ME\/2000\/NT\/XP \u00e9s Apple Macintosh. Kivitel: dvd tokos, BestSellers kiad\u00e1s, angol feliratos bor\u00edt\u00f3,  angol nyelv\u0171 pap\u00edrk\u00e9zik\u00f6nyv, eredeti 3 cd, angol nyelv\u0171 j\u00e1t\u00e9k. CD-kulcs megvan, nem tudom, hogy lett-e regisztr\u00e1lva battle.net-en. CD-k \u00e1llapota: szinte karcmentes, tesztelt, m\u0171k\u00f6dik<\/p>\n","protected":false},"excerpt":{"rendered":"<p>Akci\u00f3-szerepj\u00e1t\u00e9k. Kiad\u00e1s \u00e9ve: 2000. Platform: Windows 95\/98\/ME\/2000\/NT\/XP \u00e9s Apple Macintosh. Kivitel: dvd tokos, BestSellers kiad\u00e1s, angol feliratos bor\u00edt\u00f3, angol nyelv\u0171 pap\u00edrk\u00e9zik\u00f6nyv, eredeti 3 cd, angol nyelv\u0171 j\u00e1t\u00e9k. CD-kulcs megvan, nem tudom, hogy lett-e regisztr\u00e1lva battle.net-en. CD-k \u00e1llapota: szinte karcmentes, tesztelt, m\u0171k\u00f6dik<\/p>\n","protected":false},"featured_media":69211,"comment_status":"open","ping_status":"closed","template":"","meta":{"_et_pb_use_builder":"","_et_pb_old_content":"","_et_gb_content_width":""},"product_brand":[],"product_cat":[67,155,272],"product_tag":[],"class_list":{"0":"post-69212","1":"product","2":"type-product","3":"status-publish","4":"has-post-thumbnail","6":"product_cat-akcio-szerepjatek-arpg","7":"product_cat-jatekok","8":"product_cat-szerepjatek-rpg","9":"pa_allapot-hasznalt","10":"pa_kivitel-dvd-tokos","11":"pa_nyelv-angol","12":"pa_platform-applepower-macintosh","13":"pa_platform-pc-windows-2000","14":"pa_platform-pc-windows-95","15":"pa_platform-pc-windows-98","16":"pa_platform-pc-windows-me","17":"pa_platform-pc-windows-nt","18":"pa_platform-pc_windows","20":"first","21":"instock","22":"shipping-taxable","23":"purchasable","24":"product-type-simple"},"_links":{"self":[{"href":"https:\/\/www.retro-games.hu\/index.php\/wp-json\/wp\/v2\/product\/69212","targetHints":{"allow":["GET"]}}],"collection":[{"href":"https:\/\/www.retro-games.hu\/index.php\/wp-json\/wp\/v2\/product"}],"about":[{"href":"https:\/\/www.retro-games.hu\/index.php\/wp-json\/wp\/v2\/types\/product"}],"replies":[{"embeddable":true,"href":"https:\/\/www.retro-games.hu\/index.php\/wp-json\/wp\/v2\/comments?post=69212"}],"wp:featuredmedia":[{"embeddable":true,"href":"https:\/\/www.retro-games.hu\/index.php\/wp-json\/wp\/v2\/media\/69211"}],"wp:attachment":[{"href":"https:\/\/www.retro-games.hu\/index.php\/wp-json\/wp\/v2\/media?parent=69212"}],"wp:term":[{"taxonomy":"product_brand","embeddable":true,"href":"https:\/\/www.retro-games.hu\/index.php\/wp-json\/wp\/v2\/product_brand?post=69212"},{"taxonomy":"product_cat","embeddable":true,"href":"https:\/\/www.retro-games.hu\/index.php\/wp-json\/wp\/v2\/product_cat?post=69212"},{"taxonomy":"product_tag","embeddable":true,"href":"https:\/\/www.retro-games.hu\/index.php\/wp-json\/wp\/v2\/product_tag?post=69212"}],"curies":[{"name":"wp","href":"https:\/\/api.w.org\/{rel}","templated":true}]}}