{"id":69216,"date":"2026-04-20T11:28:40","date_gmt":"2026-04-20T11:28:40","guid":{"rendered":"https:\/\/www.retro-games.hu\/index.php\/termek\/diablo-ii-2-lord-of-destruction-kiegeszito\/"},"modified":"2026-04-20T11:28:49","modified_gmt":"2026-04-20T11:28:49","slug":"diablo-ii-2-lord-of-destruction-kiegeszito","status":"publish","type":"product","link":"https:\/\/www.retro-games.hu\/index.php\/termek\/diablo-ii-2-lord-of-destruction-kiegeszito\/","title":{"rendered":"Diablo II 2: Lord of Destruction kieg\u00e9sz\u00edt\u0151"},"content":{"rendered":"<p>Akci\u00f3-szerepj\u00e1t\u00e9k. Kiad\u00e1s \u00e9ve: 2001. Platform: Windows 95\/98\/ME\/2000\/NT\/XP \u00e9s Apple Macintosh. Kivitel: BestSellers kiad\u00e1s, angol feliratos bor\u00edt\u00f3,  angol nyelv\u0171 pap\u00edrk\u00e9zik\u00f6nyv, eredeti cd, angol nyelv\u0171 kieg\u00e9sz\u00edt\u0151 lemez, az alapj\u00e1t\u00e9k sz\u00fcks\u00e9ges hozz\u00e1! CD-kulcs megvan, nem tudom, hogy lett-e regisztr\u00e1lva battle.net-en. CD-k \u00e1llapota: enyh\u00e9n karcos (hajsz\u00e1lkarcok), tesztelt, m\u0171k\u00f6dik<\/p>\n","protected":false},"excerpt":{"rendered":"<p>Akci\u00f3-szerepj\u00e1t\u00e9k. Kiad\u00e1s \u00e9ve: 2001. Platform: Windows 95\/98\/ME\/2000\/NT\/XP \u00e9s Apple Macintosh. Kivitel: BestSellers kiad\u00e1s, angol feliratos bor\u00edt\u00f3, angol nyelv\u0171 pap\u00edrk\u00e9zik\u00f6nyv, eredeti cd, angol nyelv\u0171 kieg\u00e9sz\u00edt\u0151 lemez, az alapj\u00e1t\u00e9k sz\u00fcks\u00e9ges hozz\u00e1! CD-kulcs megvan, nem tudom, hogy lett-e regisztr\u00e1lva battle.net-en. CD-k \u00e1llapota: enyh\u00e9n karcos (hajsz\u00e1lkarcok), tesztelt, m\u0171k\u00f6dik<\/p>\n","protected":false},"featured_media":69215,"comment_status":"open","ping_status":"closed","template":"","meta":{"_et_pb_use_builder":"","_et_pb_old_content":"","_et_gb_content_width":""},"product_brand":[],"product_cat":[67,155,272],"product_tag":[],"class_list":{"0":"post-69216","1":"product","2":"type-product","3":"status-publish","4":"has-post-thumbnail","6":"product_cat-akcio-szerepjatek-arpg","7":"product_cat-jatekok","8":"product_cat-szerepjatek-rpg","9":"pa_allapot-hasznalt","10":"pa_kivitel-dvd-tokos","11":"pa_nyelv-angol","12":"pa_platform-applepower-macintosh","13":"pa_platform-pc-windows-2000","14":"pa_platform-pc-windows-95","15":"pa_platform-pc-windows-98","16":"pa_platform-pc-windows-me","17":"pa_platform-pc-windows-nt","18":"pa_platform-pc_windows","20":"first","21":"instock","22":"shipping-taxable","23":"purchasable","24":"product-type-simple"},"_links":{"self":[{"href":"https:\/\/www.retro-games.hu\/index.php\/wp-json\/wp\/v2\/product\/69216","targetHints":{"allow":["GET"]}}],"collection":[{"href":"https:\/\/www.retro-games.hu\/index.php\/wp-json\/wp\/v2\/product"}],"about":[{"href":"https:\/\/www.retro-games.hu\/index.php\/wp-json\/wp\/v2\/types\/product"}],"replies":[{"embeddable":true,"href":"https:\/\/www.retro-games.hu\/index.php\/wp-json\/wp\/v2\/comments?post=69216"}],"wp:featuredmedia":[{"embeddable":true,"href":"https:\/\/www.retro-games.hu\/index.php\/wp-json\/wp\/v2\/media\/69215"}],"wp:attachment":[{"href":"https:\/\/www.retro-games.hu\/index.php\/wp-json\/wp\/v2\/media?parent=69216"}],"wp:term":[{"taxonomy":"product_brand","embeddable":true,"href":"https:\/\/www.retro-games.hu\/index.php\/wp-json\/wp\/v2\/product_brand?post=69216"},{"taxonomy":"product_cat","embeddable":true,"href":"https:\/\/www.retro-games.hu\/index.php\/wp-json\/wp\/v2\/product_cat?post=69216"},{"taxonomy":"product_tag","embeddable":true,"href":"https:\/\/www.retro-games.hu\/index.php\/wp-json\/wp\/v2\/product_tag?post=69216"}],"curies":[{"name":"wp","href":"https:\/\/api.w.org\/{rel}","templated":true}]}}