{"id":69236,"date":"2026-04-20T11:29:49","date_gmt":"2026-04-20T11:29:49","guid":{"rendered":"https:\/\/www.retro-games.hu\/index.php\/termek\/anno-1701-3\/"},"modified":"2026-04-20T11:29:59","modified_gmt":"2026-04-20T11:29:59","slug":"anno-1701-3","status":"publish","type":"product","link":"https:\/\/www.retro-games.hu\/index.php\/termek\/anno-1701-3\/","title":{"rendered":"Anno 1701"},"content":{"rendered":"<p>V\u00e1ros\u00e9p\u00edt\u0151 menedzsment j\u00e1t\u00e9k. Kiad\u00e1s \u00e9ve: 2006. Platform: Windows 2000\/XP. Kivitel: dvd tokos, els\u0151 kiad\u00e1s, magyar feliratos bor\u00edt\u00f3, magyar nyelv\u0171 pap\u00edrk\u00e9zik\u00f6nyv, eredeti dvd, magyar feliratos j\u00e1t\u00e9k. DVD \u00e1llapota: szinte karcmentes, tesztelt, m\u0171k\u00f6dik<\/p>\n","protected":false},"excerpt":{"rendered":"<p>V\u00e1ros\u00e9p\u00edt\u0151 menedzsment j\u00e1t\u00e9k. Kiad\u00e1s \u00e9ve: 2006. Platform: Windows 2000\/XP. Kivitel: dvd tokos, els\u0151 kiad\u00e1s, magyar feliratos bor\u00edt\u00f3, magyar nyelv\u0171 pap\u00edrk\u00e9zik\u00f6nyv, eredeti dvd, magyar feliratos j\u00e1t\u00e9k. DVD \u00e1llapota: szinte karcmentes, tesztelt, m\u0171k\u00f6dik<\/p>\n","protected":false},"featured_media":69235,"comment_status":"open","ping_status":"closed","template":"","meta":{"_et_pb_use_builder":"","_et_pb_old_content":"","_et_gb_content_width":""},"product_brand":[],"product_cat":[155,43,117],"product_tag":[],"class_list":{"0":"post-69236","1":"product","2":"type-product","3":"status-publish","4":"has-post-thumbnail","6":"product_cat-jatekok","7":"product_cat-strategiai-jatek","8":"product_cat-varosepito","9":"pa_allapot-hasznalt","10":"pa_kivitel-dvd-tokos","11":"pa_nyelv-magyar-feliratos","12":"pa_platform-pc-windows-2000","13":"pa_platform-pc_windows","15":"first","16":"instock","17":"shipping-taxable","18":"purchasable","19":"product-type-simple"},"_links":{"self":[{"href":"https:\/\/www.retro-games.hu\/index.php\/wp-json\/wp\/v2\/product\/69236","targetHints":{"allow":["GET"]}}],"collection":[{"href":"https:\/\/www.retro-games.hu\/index.php\/wp-json\/wp\/v2\/product"}],"about":[{"href":"https:\/\/www.retro-games.hu\/index.php\/wp-json\/wp\/v2\/types\/product"}],"replies":[{"embeddable":true,"href":"https:\/\/www.retro-games.hu\/index.php\/wp-json\/wp\/v2\/comments?post=69236"}],"wp:featuredmedia":[{"embeddable":true,"href":"https:\/\/www.retro-games.hu\/index.php\/wp-json\/wp\/v2\/media\/69235"}],"wp:attachment":[{"href":"https:\/\/www.retro-games.hu\/index.php\/wp-json\/wp\/v2\/media?parent=69236"}],"wp:term":[{"taxonomy":"product_brand","embeddable":true,"href":"https:\/\/www.retro-games.hu\/index.php\/wp-json\/wp\/v2\/product_brand?post=69236"},{"taxonomy":"product_cat","embeddable":true,"href":"https:\/\/www.retro-games.hu\/index.php\/wp-json\/wp\/v2\/product_cat?post=69236"},{"taxonomy":"product_tag","embeddable":true,"href":"https:\/\/www.retro-games.hu\/index.php\/wp-json\/wp\/v2\/product_tag?post=69236"}],"curies":[{"name":"wp","href":"https:\/\/api.w.org\/{rel}","templated":true}]}}