{"id":69240,"date":"2026-04-20T11:30:05","date_gmt":"2026-04-20T11:30:05","guid":{"rendered":"https:\/\/www.retro-games.hu\/index.php\/termek\/burnout-paradise-the-ultimate-box-2\/"},"modified":"2026-04-20T11:30:31","modified_gmt":"2026-04-20T11:30:31","slug":"burnout-paradise-the-ultimate-box-2","status":"publish","type":"product","link":"https:\/\/www.retro-games.hu\/index.php\/termek\/burnout-paradise-the-ultimate-box-2\/","title":{"rendered":"Burnout Paradise: The Ultimate Box"},"content":{"rendered":"<p>Aut\u00f3versenyz\u0151s j\u00e1t\u00e9k, tartalma: Burnout: Paradise + Cagney Pack + Bikes Pack + Party Pack kiegek. Kiad\u00e1s \u00e9ve: 2009. Platform: Windows XP\/Vista. Kivitel: dvd tokos, els\u0151 kiad\u00e1s, magyar\/cseh\/lengyel feliratos bor\u00edt\u00f3, magyar\/cseh\/lengyel nyelv\u0171 pap\u00edrk\u00e9zik\u00f6nyv, eredeti dvd, magyar feliratos \u00e9s cseh, k\u00ednai (tajvani), n\u00e9met, angol, spanyol, francia, olasz, lengyel, orosz \u00e9s thai nyelv\u0171 j\u00e1t\u00e9k. DVD \u00e1llapota: szinte karcmentes, tesztelt, m\u0171k\u00f6dik. Megjegyz\u00e9s: telep\u00edt\u00e9skor internetes aktiv\u00e1l\u00e1s sz\u00fcks\u00e9ges, de m\u00e9g van szabad aktiv\u00e1l\u00e1s, telep\u00edthet\u0151. Origin nem sz\u00fcks\u00e9ges a futtat\u00e1s\u00e1hoz! EA fi\u00f3khoz val\u00f3sz\u00edn\u0171leg m\u00e1r regisztr\u00e1lva lett a sorozatsz\u00e1m, teh\u00e1t online j\u00e1t\u00e9kra val\u00f3sz\u00edn\u0171leg nem alkalmas, offline haszn\u00e1lhat\u00f3.<\/p>\n","protected":false},"excerpt":{"rendered":"<p>Aut\u00f3versenyz\u0151s j\u00e1t\u00e9k, tartalma: Burnout: Paradise + Cagney Pack + Bikes Pack + Party Pack kiegek. Kiad\u00e1s \u00e9ve: 2009. Platform: Windows XP\/Vista. Kivitel: dvd tokos, els\u0151 kiad\u00e1s, magyar\/cseh\/lengyel feliratos bor\u00edt\u00f3, magyar\/cseh\/lengyel nyelv\u0171 pap\u00edrk\u00e9zik\u00f6nyv, eredeti dvd, magyar feliratos \u00e9s cseh, k\u00ednai (tajvani), n\u00e9met, angol, spanyol, francia, olasz, lengyel, orosz \u00e9s thai nyelv\u0171 j\u00e1t\u00e9k. DVD \u00e1llapota: szinte karcmentes, [&hellip;]<\/p>\n","protected":false},"featured_media":69239,"comment_status":"open","ping_status":"closed","template":"","meta":{"_et_pb_use_builder":"","_et_pb_old_content":"","_et_gb_content_width":""},"product_brand":[],"product_cat":[33,155,8],"product_tag":[],"class_list":{"0":"post-69240","1":"product","2":"type-product","3":"status-publish","4":"has-post-thumbnail","6":"product_cat-autoversenyzos","7":"product_cat-jatekok","8":"product_cat-szimulator","9":"pa_allapot-hasznalt","10":"pa_kivitel-dvd-tokos","11":"pa_nyelv-angol","12":"pa_nyelv-cseh","13":"pa_nyelv-francia","14":"pa_nyelv-kinai-tajvani","15":"pa_nyelv-lengyel","16":"pa_nyelv-magyar-feliratos","17":"pa_nyelv-nemet","18":"pa_nyelv-olasz","19":"pa_nyelv-orosz","20":"pa_nyelv-spanyol","21":"pa_nyelv-thai","22":"pa_platform-pc-windows-vista","23":"pa_platform-pc_windows","25":"first","26":"instock","27":"shipping-taxable","28":"purchasable","29":"product-type-simple"},"_links":{"self":[{"href":"https:\/\/www.retro-games.hu\/index.php\/wp-json\/wp\/v2\/product\/69240","targetHints":{"allow":["GET"]}}],"collection":[{"href":"https:\/\/www.retro-games.hu\/index.php\/wp-json\/wp\/v2\/product"}],"about":[{"href":"https:\/\/www.retro-games.hu\/index.php\/wp-json\/wp\/v2\/types\/product"}],"replies":[{"embeddable":true,"href":"https:\/\/www.retro-games.hu\/index.php\/wp-json\/wp\/v2\/comments?post=69240"}],"wp:featuredmedia":[{"embeddable":true,"href":"https:\/\/www.retro-games.hu\/index.php\/wp-json\/wp\/v2\/media\/69239"}],"wp:attachment":[{"href":"https:\/\/www.retro-games.hu\/index.php\/wp-json\/wp\/v2\/media?parent=69240"}],"wp:term":[{"taxonomy":"product_brand","embeddable":true,"href":"https:\/\/www.retro-games.hu\/index.php\/wp-json\/wp\/v2\/product_brand?post=69240"},{"taxonomy":"product_cat","embeddable":true,"href":"https:\/\/www.retro-games.hu\/index.php\/wp-json\/wp\/v2\/product_cat?post=69240"},{"taxonomy":"product_tag","embeddable":true,"href":"https:\/\/www.retro-games.hu\/index.php\/wp-json\/wp\/v2\/product_tag?post=69240"}],"curies":[{"name":"wp","href":"https:\/\/api.w.org\/{rel}","templated":true}]}}