{"id":69252,"date":"2026-04-20T11:34:15","date_gmt":"2026-04-20T11:34:15","guid":{"rendered":"https:\/\/www.retro-games.hu\/index.php\/termek\/dark-messiah-of-might-magic-3\/"},"modified":"2026-04-20T11:34:22","modified_gmt":"2026-04-20T11:34:22","slug":"dark-messiah-of-might-magic-3","status":"publish","type":"product","link":"https:\/\/www.retro-games.hu\/index.php\/termek\/dark-messiah-of-might-magic-3\/","title":{"rendered":"Dark Messiah of Might &#038; Magic"},"content":{"rendered":"<p>Akci\u00f3-szerepj\u00e1t\u00e9k. Kiad\u00e1s \u00e9ve: 2006. Platform: Windows XP. Kivitel: dvd tokos, els\u0151 kiad\u00e1s, magyar feliratos bor\u00edt\u00f3, magyar nyelv\u0171 pap\u00edrk\u00e9zik\u00f6nyv, eredeti dvd, magyar feliratos \u00e9s angol, illetve cseh\/lengyel nyelv\u0171 j\u00e1t\u00e9k. DVD \u00e1llapota: szinte karcmentes, tesztelt, m\u0171k\u00f6dik<\/p>\n","protected":false},"excerpt":{"rendered":"<p>Akci\u00f3-szerepj\u00e1t\u00e9k. Kiad\u00e1s \u00e9ve: 2006. Platform: Windows XP. Kivitel: dvd tokos, els\u0151 kiad\u00e1s, magyar feliratos bor\u00edt\u00f3, magyar nyelv\u0171 pap\u00edrk\u00e9zik\u00f6nyv, eredeti dvd, magyar feliratos \u00e9s angol, illetve cseh\/lengyel nyelv\u0171 j\u00e1t\u00e9k. DVD \u00e1llapota: szinte karcmentes, tesztelt, m\u0171k\u00f6dik<\/p>\n","protected":false},"featured_media":69251,"comment_status":"open","ping_status":"closed","template":"","meta":{"_et_pb_use_builder":"","_et_pb_old_content":"","_et_gb_content_width":""},"product_brand":[],"product_cat":[67,155,272],"product_tag":[],"class_list":{"0":"post-69252","1":"product","2":"type-product","3":"status-publish","4":"has-post-thumbnail","6":"product_cat-akcio-szerepjatek-arpg","7":"product_cat-jatekok","8":"product_cat-szerepjatek-rpg","9":"pa_allapot-hasznalt","10":"pa_kivitel-dvd-tokos","11":"pa_nyelv-angol","12":"pa_nyelv-cseh","13":"pa_nyelv-lengyel","14":"pa_nyelv-magyar-feliratos","15":"pa_platform-pc_windows","17":"first","18":"instock","19":"shipping-taxable","20":"purchasable","21":"product-type-simple"},"_links":{"self":[{"href":"https:\/\/www.retro-games.hu\/index.php\/wp-json\/wp\/v2\/product\/69252","targetHints":{"allow":["GET"]}}],"collection":[{"href":"https:\/\/www.retro-games.hu\/index.php\/wp-json\/wp\/v2\/product"}],"about":[{"href":"https:\/\/www.retro-games.hu\/index.php\/wp-json\/wp\/v2\/types\/product"}],"replies":[{"embeddable":true,"href":"https:\/\/www.retro-games.hu\/index.php\/wp-json\/wp\/v2\/comments?post=69252"}],"wp:featuredmedia":[{"embeddable":true,"href":"https:\/\/www.retro-games.hu\/index.php\/wp-json\/wp\/v2\/media\/69251"}],"wp:attachment":[{"href":"https:\/\/www.retro-games.hu\/index.php\/wp-json\/wp\/v2\/media?parent=69252"}],"wp:term":[{"taxonomy":"product_brand","embeddable":true,"href":"https:\/\/www.retro-games.hu\/index.php\/wp-json\/wp\/v2\/product_brand?post=69252"},{"taxonomy":"product_cat","embeddable":true,"href":"https:\/\/www.retro-games.hu\/index.php\/wp-json\/wp\/v2\/product_cat?post=69252"},{"taxonomy":"product_tag","embeddable":true,"href":"https:\/\/www.retro-games.hu\/index.php\/wp-json\/wp\/v2\/product_tag?post=69252"}],"curies":[{"name":"wp","href":"https:\/\/api.w.org\/{rel}","templated":true}]}}