{"id":69300,"date":"2026-04-20T11:36:38","date_gmt":"2026-04-20T11:36:38","guid":{"rendered":"https:\/\/www.retro-games.hu\/index.php\/termek\/need-for-speed-hot-pursuit-2010\/"},"modified":"2026-04-20T11:36:47","modified_gmt":"2026-04-20T11:36:47","slug":"need-for-speed-hot-pursuit-2010","status":"publish","type":"product","link":"https:\/\/www.retro-games.hu\/index.php\/termek\/need-for-speed-hot-pursuit-2010\/","title":{"rendered":"Need for Speed: Hot Pursuit (2010)"},"content":{"rendered":"<p>Aut\u00f3versenyz\u0151s j\u00e1t\u00e9k. Kiad\u00e1s \u00e9ve: 2010. Platform: Windows XP\/Vista\/7. Kivitel: dvd tokos, EA Classics kiad\u00e1s, magyar\/lengyel\/cseh feliratos bor\u00edt\u00f3,  eredeti dvd, magyar feliratos \u00e9s angol, cseh, k\u00ednai (tajvani), n\u00e9met, spanyol, francia, olasz, holland, lengyel \u00e9s orosz nyelv\u0171 j\u00e1t\u00e9k. DVD \u00e1llapota: karcmentes, \u00fajnak t\u0171nik. Figyelem! A j\u00e1t\u00e9k telep\u00edt\u00e9s\u00e9hez internetkapcsolat \u00e9s aktiv\u00e1l\u00e1s sz\u00fcks\u00e9ges. Nincs az \u00f6sszes aktiv\u00e1l\u00e1s elhaszn\u00e1lva, szabadon telep\u00edthet\u0151.<\/p>\n","protected":false},"excerpt":{"rendered":"<p>Aut\u00f3versenyz\u0151s j\u00e1t\u00e9k. Kiad\u00e1s \u00e9ve: 2010. Platform: Windows XP\/Vista\/7. Kivitel: dvd tokos, EA Classics kiad\u00e1s, magyar\/lengyel\/cseh feliratos bor\u00edt\u00f3, eredeti dvd, magyar feliratos \u00e9s angol, cseh, k\u00ednai (tajvani), n\u00e9met, spanyol, francia, olasz, holland, lengyel \u00e9s orosz nyelv\u0171 j\u00e1t\u00e9k. DVD \u00e1llapota: karcmentes, \u00fajnak t\u0171nik. Figyelem! A j\u00e1t\u00e9k telep\u00edt\u00e9s\u00e9hez internetkapcsolat \u00e9s aktiv\u00e1l\u00e1s sz\u00fcks\u00e9ges. Nincs az \u00f6sszes aktiv\u00e1l\u00e1s elhaszn\u00e1lva, szabadon [&hellip;]<\/p>\n","protected":false},"featured_media":69299,"comment_status":"open","ping_status":"closed","template":"","meta":{"_et_pb_use_builder":"","_et_pb_old_content":"","_et_gb_content_width":""},"product_brand":[],"product_cat":[33,155,8],"product_tag":[],"class_list":{"0":"post-69300","1":"product","2":"type-product","3":"status-publish","4":"has-post-thumbnail","6":"product_cat-autoversenyzos","7":"product_cat-jatekok","8":"product_cat-szimulator","9":"pa_allapot-hasznalt","10":"pa_kivitel-dvd-tokos","11":"pa_nyelv-angol","12":"pa_nyelv-cseh","13":"pa_nyelv-francia","14":"pa_nyelv-holland","15":"pa_nyelv-kinai-tajvani","16":"pa_nyelv-lengyel","17":"pa_nyelv-magyar-feliratos","18":"pa_nyelv-nemet","19":"pa_nyelv-olasz","20":"pa_nyelv-orosz","21":"pa_nyelv-spanyol","22":"pa_platform-pc-windows-7","23":"pa_platform-pc-windows-vista","24":"pa_platform-pc_windows","26":"first","27":"instock","28":"shipping-taxable","29":"purchasable","30":"product-type-simple"},"_links":{"self":[{"href":"https:\/\/www.retro-games.hu\/index.php\/wp-json\/wp\/v2\/product\/69300","targetHints":{"allow":["GET"]}}],"collection":[{"href":"https:\/\/www.retro-games.hu\/index.php\/wp-json\/wp\/v2\/product"}],"about":[{"href":"https:\/\/www.retro-games.hu\/index.php\/wp-json\/wp\/v2\/types\/product"}],"replies":[{"embeddable":true,"href":"https:\/\/www.retro-games.hu\/index.php\/wp-json\/wp\/v2\/comments?post=69300"}],"wp:featuredmedia":[{"embeddable":true,"href":"https:\/\/www.retro-games.hu\/index.php\/wp-json\/wp\/v2\/media\/69299"}],"wp:attachment":[{"href":"https:\/\/www.retro-games.hu\/index.php\/wp-json\/wp\/v2\/media?parent=69300"}],"wp:term":[{"taxonomy":"product_brand","embeddable":true,"href":"https:\/\/www.retro-games.hu\/index.php\/wp-json\/wp\/v2\/product_brand?post=69300"},{"taxonomy":"product_cat","embeddable":true,"href":"https:\/\/www.retro-games.hu\/index.php\/wp-json\/wp\/v2\/product_cat?post=69300"},{"taxonomy":"product_tag","embeddable":true,"href":"https:\/\/www.retro-games.hu\/index.php\/wp-json\/wp\/v2\/product_tag?post=69300"}],"curies":[{"name":"wp","href":"https:\/\/api.w.org\/{rel}","templated":true}]}}